{"id":1034,"date":"2019-12-11T04:19:09","date_gmt":"2019-12-11T09:19:09","guid":{"rendered":"https:\/\/ttlc.turnbull.co\/?page_id=1034"},"modified":"2019-12-11T04:19:11","modified_gmt":"2019-12-11T09:19:11","slug":"au-sujet-de-notre-clinique-juridique","status":"publish","type":"page","link":"https:\/\/www.timminslegalclinic.ca\/fr\/qui-nous-sommes\/au-sujet-de-notre-clinique-juridique\/","title":{"rendered":"Au sujet de notre clinique juridique"},"content":{"rendered":"\n<h2>Notre mission est notre communaut\u00e9<\/h2>\n<p>Depuis 2002, la Clinique juridique communautaire Timmins-T\u00e9miskamingue a fourni des conseils juridique aux membres de notre communaut\u00e9 en anglais et en fran\u00e7ais. Nous sommes d\u00e9termin\u00e9s \u00e0 rendre justice pour les individus et groupes d\u00e9favoris\u00e9s.<\/p>\n<p>Les Cliniques juridique communautaire \u00e0 but non lucratif a comme but (ou mandat) d\u2019am\u00e9liorer la qualit\u00e9 de vie et l\u2019ind\u00e9pendance des personnes \u00e0 faible revenue en leur procurant des services juridiques. Nous accomplissons ce but (ou ce mandat) gr\u00e2ce \u00e0 une combinaison de repr\u00e9sentation juridique, de conseils juridiques sommaires, des r\u00e9f\u00e9rences \u00e0 d\u2019autres avocats ou agences sociales, ainsi que des sessions d\u2019\u00e9ducation (ou informations) publiques sur des questions de droits.<\/p>\n<p>Nos services sont offerts de Timmins \u00e0 Latchford, etc. (ou Nous desservons les r\u00e9gions de Timmins \u00e0 Latchford \u2026), ce qui inclue \u00a0New Liskeard, Kirkland Lake, Iroquois Falls, Matherson ainsi que d\u2019autres communaut\u00e9s de la r\u00e9gion. Nos services sont offerts gratuitement aux clients qui qualifient financi\u00e8rement.<\/p>\n<p>Notre vision est d\u2019\u00eatre un fournisseur de services juridiques visible, permanent, accessible, r\u00e9put\u00e9 et qui fait partie int\u00e9grante de la r\u00e9gion de Timmins-T\u00e9miskamingue. \u00a0<\/p>\n","protected":false},"excerpt":{"rendered":"<p>Notre mission est notre communaut\u00e9<br \/>\nDepuis 2002, la Clinique juridique communautaire Timmins-T\u00e9miskamingue a fourni des conseils juridique aux membres de notre communaut\u00e9 en anglais et en fran\u00e7ais. Nous sommes d\u00e9termin\u00e9s \u00e0 rendre justice pour les individus et groupes d\u00e9favoris\u00e9s.<br \/>\nLes Cliniques juridique communautaire \u00e0 but non lucratif a comme but (ou mandat) d\u2019am\u00e9liorer la qualit\u00e9 de vie et l\u2019ind\u00e9pendance des personnes \u00e0 faible revenue en leur procurant des services juridiques.<\/p>\n","protected":false},"author":2,"featured_media":0,"parent":1032,"menu_order":0,"comment_status":"closed","ping_status":"closed","template":"","meta":{"_bbp_topic_count":0,"_bbp_reply_count":0,"_bbp_total_topic_count":0,"_bbp_total_reply_count":0,"_bbp_voice_count":0,"_bbp_anonymous_reply_count":0,"_bbp_topic_count_hidden":0,"_bbp_reply_count_hidden":0,"_bbp_forum_subforum_count":0,"footnotes":""},"class_list":["post-1034","page","type-page","status-publish","hentry"],"yoast_head":"<!-- This site is optimized with the Yoast SEO plugin v27.0 - https:\/\/yoast.com\/product\/yoast-seo-wordpress\/ -->\n<title>Au sujet de notre clinique juridique - Timmins-Temiskaming Community Legal Clinic<\/title>\n<meta name=\"robots\" content=\"index, follow, max-snippet:-1, max-image-preview:large, max-video-preview:-1\" \/>\n<link rel=\"canonical\" href=\"https:\/\/www.timminslegalclinic.ca\/fr\/qui-nous-sommes\/au-sujet-de-notre-clinique-juridique\/\" \/>\n<meta property=\"og:locale\" content=\"fr_FR\" \/>\n<meta property=\"og:type\" content=\"article\" \/>\n<meta property=\"og:title\" content=\"Au sujet de notre clinique juridique - Timmins-Temiskaming Community Legal Clinic\" \/>\n<meta property=\"og:description\" content=\"Notre mission est notre communaut\u00e9 Depuis 2002, la Clinique juridique communautaire Timmins-T\u00e9miskamingue a fourni des conseils juridique aux membres de notre communaut\u00e9 en anglais et en fran\u00e7ais. Nous sommes d\u00e9termin\u00e9s \u00e0 rendre justice pour les individus et groupes d\u00e9favoris\u00e9s. Les Cliniques juridique communautaire \u00e0 but non lucratif a comme but (ou mandat) d\u2019am\u00e9liorer la qualit\u00e9 de vie et l\u2019ind\u00e9pendance des personnes \u00e0 faible revenue en leur procurant des services juridiques.\" \/>\n<meta property=\"og:url\" content=\"https:\/\/www.timminslegalclinic.ca\/fr\/qui-nous-sommes\/au-sujet-de-notre-clinique-juridique\/\" \/>\n<meta property=\"og:site_name\" content=\"Timmins-Temiskaming Community Legal Clinic\" \/>\n<meta property=\"article:modified_time\" content=\"2019-12-11T09:19:11+00:00\" \/>\n<meta name=\"twitter:card\" content=\"summary_large_image\" \/>\n<meta name=\"twitter:label1\" content=\"Dur\u00e9e de lecture estim\u00e9e\" \/>\n\t<meta name=\"twitter:data1\" content=\"1 minute\" \/>\n<script type=\"application\/ld+json\" class=\"yoast-schema-graph\">{\"@context\":\"https:\/\/schema.org\",\"@graph\":[{\"@type\":\"WebPage\",\"@id\":\"https:\/\/www.timminslegalclinic.ca\/fr\/qui-nous-sommes\/au-sujet-de-notre-clinique-juridique\/\",\"url\":\"https:\/\/www.timminslegalclinic.ca\/fr\/qui-nous-sommes\/au-sujet-de-notre-clinique-juridique\/\",\"name\":\"Au sujet de notre clinique juridique - Timmins-Temiskaming Community Legal Clinic\",\"isPartOf\":{\"@id\":\"https:\/\/www.timminslegalclinic.ca\/#website\"},\"datePublished\":\"2019-12-11T09:19:09+00:00\",\"dateModified\":\"2019-12-11T09:19:11+00:00\",\"breadcrumb\":{\"@id\":\"https:\/\/www.timminslegalclinic.ca\/fr\/qui-nous-sommes\/au-sujet-de-notre-clinique-juridique\/#breadcrumb\"},\"inLanguage\":\"fr-FR\",\"potentialAction\":[{\"@type\":\"ReadAction\",\"target\":[\"https:\/\/www.timminslegalclinic.ca\/fr\/qui-nous-sommes\/au-sujet-de-notre-clinique-juridique\/\"]}]},{\"@type\":\"BreadcrumbList\",\"@id\":\"https:\/\/www.timminslegalclinic.ca\/fr\/qui-nous-sommes\/au-sujet-de-notre-clinique-juridique\/#breadcrumb\",\"itemListElement\":[{\"@type\":\"ListItem\",\"position\":1,\"name\":\"Home\",\"item\":\"https:\/\/www.timminslegalclinic.ca\/fr\/\"},{\"@type\":\"ListItem\",\"position\":2,\"name\":\"Qui nous sommes\",\"item\":\"https:\/\/www.timminslegalclinic.ca\/fr\/qui-nous-sommes\/\"},{\"@type\":\"ListItem\",\"position\":3,\"name\":\"Au sujet de notre clinique juridique\"}]},{\"@type\":\"WebSite\",\"@id\":\"https:\/\/www.timminslegalclinic.ca\/#website\",\"url\":\"https:\/\/www.timminslegalclinic.ca\/\",\"name\":\"CEO All Clinics\",\"description\":\"\",\"potentialAction\":[{\"@type\":\"SearchAction\",\"target\":{\"@type\":\"EntryPoint\",\"urlTemplate\":\"https:\/\/www.timminslegalclinic.ca\/?s={search_term_string}\"},\"query-input\":{\"@type\":\"PropertyValueSpecification\",\"valueRequired\":true,\"valueName\":\"search_term_string\"}}],\"inLanguage\":\"fr-FR\"}]}<\/script>\n<!-- \/ Yoast SEO plugin. -->","yoast_head_json":{"title":"Au sujet de notre clinique juridique - Timmins-Temiskaming Community Legal Clinic","robots":{"index":"index","follow":"follow","max-snippet":"max-snippet:-1","max-image-preview":"max-image-preview:large","max-video-preview":"max-video-preview:-1"},"canonical":"https:\/\/www.timminslegalclinic.ca\/fr\/qui-nous-sommes\/au-sujet-de-notre-clinique-juridique\/","og_locale":"fr_FR","og_type":"article","og_title":"Au sujet de notre clinique juridique - Timmins-Temiskaming Community Legal Clinic","og_description":"Notre mission est notre communaut\u00e9 Depuis 2002, la Clinique juridique communautaire Timmins-T\u00e9miskamingue a fourni des conseils juridique aux membres de notre communaut\u00e9 en anglais et en fran\u00e7ais. Nous sommes d\u00e9termin\u00e9s \u00e0 rendre justice pour les individus et groupes d\u00e9favoris\u00e9s. Les Cliniques juridique communautaire \u00e0 but non lucratif a comme but (ou mandat) d\u2019am\u00e9liorer la qualit\u00e9 de vie et l\u2019ind\u00e9pendance des personnes \u00e0 faible revenue en leur procurant des services juridiques.","og_url":"https:\/\/www.timminslegalclinic.ca\/fr\/qui-nous-sommes\/au-sujet-de-notre-clinique-juridique\/","og_site_name":"Timmins-Temiskaming Community Legal Clinic","article_modified_time":"2019-12-11T09:19:11+00:00","twitter_card":"summary_large_image","twitter_misc":{"Dur\u00e9e de lecture estim\u00e9e":"1 minute"},"schema":{"@context":"https:\/\/schema.org","@graph":[{"@type":"WebPage","@id":"https:\/\/www.timminslegalclinic.ca\/fr\/qui-nous-sommes\/au-sujet-de-notre-clinique-juridique\/","url":"https:\/\/www.timminslegalclinic.ca\/fr\/qui-nous-sommes\/au-sujet-de-notre-clinique-juridique\/","name":"Au sujet de notre clinique juridique - Timmins-Temiskaming Community Legal Clinic","isPartOf":{"@id":"https:\/\/www.timminslegalclinic.ca\/#website"},"datePublished":"2019-12-11T09:19:09+00:00","dateModified":"2019-12-11T09:19:11+00:00","breadcrumb":{"@id":"https:\/\/www.timminslegalclinic.ca\/fr\/qui-nous-sommes\/au-sujet-de-notre-clinique-juridique\/#breadcrumb"},"inLanguage":"fr-FR","potentialAction":[{"@type":"ReadAction","target":["https:\/\/www.timminslegalclinic.ca\/fr\/qui-nous-sommes\/au-sujet-de-notre-clinique-juridique\/"]}]},{"@type":"BreadcrumbList","@id":"https:\/\/www.timminslegalclinic.ca\/fr\/qui-nous-sommes\/au-sujet-de-notre-clinique-juridique\/#breadcrumb","itemListElement":[{"@type":"ListItem","position":1,"name":"Home","item":"https:\/\/www.timminslegalclinic.ca\/fr\/"},{"@type":"ListItem","position":2,"name":"Qui nous sommes","item":"https:\/\/www.timminslegalclinic.ca\/fr\/qui-nous-sommes\/"},{"@type":"ListItem","position":3,"name":"Au sujet de notre clinique juridique"}]},{"@type":"WebSite","@id":"https:\/\/www.timminslegalclinic.ca\/#website","url":"https:\/\/www.timminslegalclinic.ca\/","name":"CEO All Clinics","description":"","potentialAction":[{"@type":"SearchAction","target":{"@type":"EntryPoint","urlTemplate":"https:\/\/www.timminslegalclinic.ca\/?s={search_term_string}"},"query-input":{"@type":"PropertyValueSpecification","valueRequired":true,"valueName":"search_term_string"}}],"inLanguage":"fr-FR"}]}},"_links":{"self":[{"href":"https:\/\/www.timminslegalclinic.ca\/fr\/wp-json\/wp\/v2\/pages\/1034","targetHints":{"allow":["GET"]}}],"collection":[{"href":"https:\/\/www.timminslegalclinic.ca\/fr\/wp-json\/wp\/v2\/pages"}],"about":[{"href":"https:\/\/www.timminslegalclinic.ca\/fr\/wp-json\/wp\/v2\/types\/page"}],"author":[{"embeddable":true,"href":"https:\/\/www.timminslegalclinic.ca\/fr\/wp-json\/wp\/v2\/users\/2"}],"replies":[{"embeddable":true,"href":"https:\/\/www.timminslegalclinic.ca\/fr\/wp-json\/wp\/v2\/comments?post=1034"}],"version-history":[{"count":1,"href":"https:\/\/www.timminslegalclinic.ca\/fr\/wp-json\/wp\/v2\/pages\/1034\/revisions"}],"predecessor-version":[{"id":1035,"href":"https:\/\/www.timminslegalclinic.ca\/fr\/wp-json\/wp\/v2\/pages\/1034\/revisions\/1035"}],"up":[{"embeddable":true,"href":"https:\/\/www.timminslegalclinic.ca\/fr\/wp-json\/wp\/v2\/pages\/1032"}],"wp:attachment":[{"href":"https:\/\/www.timminslegalclinic.ca\/fr\/wp-json\/wp\/v2\/media?parent=1034"}],"curies":[{"name":"wp","href":"https:\/\/api.w.org\/{rel}","templated":true}]}}