{"id":1036,"date":"2019-12-11T04:20:54","date_gmt":"2019-12-11T09:20:54","guid":{"rendered":"https:\/\/ttlc.turnbull.co\/?page_id=1036"},"modified":"2019-12-11T04:20:55","modified_gmt":"2019-12-11T09:20:55","slug":"devenir-membre-de-la-clinique","status":"publish","type":"page","link":"https:\/\/www.timminslegalclinic.ca\/fr\/qui-nous-sommes\/devenir-membre-de-la-clinique\/","title":{"rendered":"Devenir membre de la clinique"},"content":{"rendered":"\n<p>Vous pouvez devenir membre si vous \u00a0\u00eates \u00e2g\u00e9es de plus de 18 ans et vivez ou travaillez dans la r\u00e9gion d\u00e9servie. Si vous \u00eates int\u00e9ress\u00e9 \u00e0 devenir membre, veuillez contacter le si\u00e8ge social afin de recevoir votre demande d\u2019adh\u00e9sion.<\/p>\n","protected":false},"excerpt":{"rendered":"<p>Vous pouvez devenir membre si vous \u00a0\u00eates \u00e2g\u00e9es de plus de 18 ans et vivez ou travaillez dans la r\u00e9gion d\u00e9servie. Si vous \u00eates int\u00e9ress\u00e9 \u00e0 devenir membre, veuillez contacter le si\u00e8ge social afin de recevoir votre demande d\u2019adh\u00e9sion.<\/p>\n","protected":false},"author":2,"featured_media":0,"parent":1032,"menu_order":0,"comment_status":"closed","ping_status":"closed","template":"","meta":{"_bbp_topic_count":0,"_bbp_reply_count":0,"_bbp_total_topic_count":0,"_bbp_total_reply_count":0,"_bbp_voice_count":0,"_bbp_anonymous_reply_count":0,"_bbp_topic_count_hidden":0,"_bbp_reply_count_hidden":0,"_bbp_forum_subforum_count":0,"footnotes":""},"class_list":["post-1036","page","type-page","status-publish","hentry"],"yoast_head":"<!-- This site is optimized with the Yoast SEO plugin v27.0 - https:\/\/yoast.com\/product\/yoast-seo-wordpress\/ -->\n<title>Devenir membre de la clinique - Timmins-Temiskaming Community Legal Clinic<\/title>\n<meta name=\"robots\" content=\"index, follow, max-snippet:-1, max-image-preview:large, max-video-preview:-1\" \/>\n<link rel=\"canonical\" href=\"https:\/\/www.timminslegalclinic.ca\/fr\/qui-nous-sommes\/devenir-membre-de-la-clinique\/\" \/>\n<meta property=\"og:locale\" content=\"fr_FR\" \/>\n<meta property=\"og:type\" content=\"article\" \/>\n<meta property=\"og:title\" content=\"Devenir membre de la clinique - Timmins-Temiskaming Community Legal Clinic\" \/>\n<meta property=\"og:description\" content=\"Vous pouvez devenir membre si vous \u00a0\u00eates \u00e2g\u00e9es de plus de 18 ans et vivez ou travaillez dans la r\u00e9gion d\u00e9servie. Si vous \u00eates int\u00e9ress\u00e9 \u00e0 devenir membre, veuillez contacter le si\u00e8ge social afin de recevoir votre demande d\u2019adh\u00e9sion.\" \/>\n<meta property=\"og:url\" content=\"https:\/\/www.timminslegalclinic.ca\/fr\/qui-nous-sommes\/devenir-membre-de-la-clinique\/\" \/>\n<meta property=\"og:site_name\" content=\"Timmins-Temiskaming Community Legal Clinic\" \/>\n<meta property=\"article:modified_time\" content=\"2019-12-11T09:20:55+00:00\" \/>\n<meta name=\"twitter:card\" content=\"summary_large_image\" \/>\n<script type=\"application\/ld+json\" class=\"yoast-schema-graph\">{\"@context\":\"https:\/\/schema.org\",\"@graph\":[{\"@type\":\"WebPage\",\"@id\":\"https:\/\/www.timminslegalclinic.ca\/fr\/qui-nous-sommes\/devenir-membre-de-la-clinique\/\",\"url\":\"https:\/\/www.timminslegalclinic.ca\/fr\/qui-nous-sommes\/devenir-membre-de-la-clinique\/\",\"name\":\"Devenir membre de la clinique - Timmins-Temiskaming Community Legal Clinic\",\"isPartOf\":{\"@id\":\"https:\/\/www.timminslegalclinic.ca\/#website\"},\"datePublished\":\"2019-12-11T09:20:54+00:00\",\"dateModified\":\"2019-12-11T09:20:55+00:00\",\"breadcrumb\":{\"@id\":\"https:\/\/www.timminslegalclinic.ca\/fr\/qui-nous-sommes\/devenir-membre-de-la-clinique\/#breadcrumb\"},\"inLanguage\":\"fr-FR\",\"potentialAction\":[{\"@type\":\"ReadAction\",\"target\":[\"https:\/\/www.timminslegalclinic.ca\/fr\/qui-nous-sommes\/devenir-membre-de-la-clinique\/\"]}]},{\"@type\":\"BreadcrumbList\",\"@id\":\"https:\/\/www.timminslegalclinic.ca\/fr\/qui-nous-sommes\/devenir-membre-de-la-clinique\/#breadcrumb\",\"itemListElement\":[{\"@type\":\"ListItem\",\"position\":1,\"name\":\"Home\",\"item\":\"https:\/\/www.timminslegalclinic.ca\/fr\/\"},{\"@type\":\"ListItem\",\"position\":2,\"name\":\"Qui nous sommes\",\"item\":\"https:\/\/www.timminslegalclinic.ca\/fr\/qui-nous-sommes\/\"},{\"@type\":\"ListItem\",\"position\":3,\"name\":\"Devenir membre de la clinique\"}]},{\"@type\":\"WebSite\",\"@id\":\"https:\/\/www.timminslegalclinic.ca\/#website\",\"url\":\"https:\/\/www.timminslegalclinic.ca\/\",\"name\":\"CEO All Clinics\",\"description\":\"\",\"potentialAction\":[{\"@type\":\"SearchAction\",\"target\":{\"@type\":\"EntryPoint\",\"urlTemplate\":\"https:\/\/www.timminslegalclinic.ca\/?s={search_term_string}\"},\"query-input\":{\"@type\":\"PropertyValueSpecification\",\"valueRequired\":true,\"valueName\":\"search_term_string\"}}],\"inLanguage\":\"fr-FR\"}]}<\/script>\n<!-- \/ Yoast SEO plugin. -->","yoast_head_json":{"title":"Devenir membre de la clinique - Timmins-Temiskaming Community Legal Clinic","robots":{"index":"index","follow":"follow","max-snippet":"max-snippet:-1","max-image-preview":"max-image-preview:large","max-video-preview":"max-video-preview:-1"},"canonical":"https:\/\/www.timminslegalclinic.ca\/fr\/qui-nous-sommes\/devenir-membre-de-la-clinique\/","og_locale":"fr_FR","og_type":"article","og_title":"Devenir membre de la clinique - Timmins-Temiskaming Community Legal Clinic","og_description":"Vous pouvez devenir membre si vous \u00a0\u00eates \u00e2g\u00e9es de plus de 18 ans et vivez ou travaillez dans la r\u00e9gion d\u00e9servie. Si vous \u00eates int\u00e9ress\u00e9 \u00e0 devenir membre, veuillez contacter le si\u00e8ge social afin de recevoir votre demande d\u2019adh\u00e9sion.","og_url":"https:\/\/www.timminslegalclinic.ca\/fr\/qui-nous-sommes\/devenir-membre-de-la-clinique\/","og_site_name":"Timmins-Temiskaming Community Legal Clinic","article_modified_time":"2019-12-11T09:20:55+00:00","twitter_card":"summary_large_image","schema":{"@context":"https:\/\/schema.org","@graph":[{"@type":"WebPage","@id":"https:\/\/www.timminslegalclinic.ca\/fr\/qui-nous-sommes\/devenir-membre-de-la-clinique\/","url":"https:\/\/www.timminslegalclinic.ca\/fr\/qui-nous-sommes\/devenir-membre-de-la-clinique\/","name":"Devenir membre de la clinique - Timmins-Temiskaming Community Legal Clinic","isPartOf":{"@id":"https:\/\/www.timminslegalclinic.ca\/#website"},"datePublished":"2019-12-11T09:20:54+00:00","dateModified":"2019-12-11T09:20:55+00:00","breadcrumb":{"@id":"https:\/\/www.timminslegalclinic.ca\/fr\/qui-nous-sommes\/devenir-membre-de-la-clinique\/#breadcrumb"},"inLanguage":"fr-FR","potentialAction":[{"@type":"ReadAction","target":["https:\/\/www.timminslegalclinic.ca\/fr\/qui-nous-sommes\/devenir-membre-de-la-clinique\/"]}]},{"@type":"BreadcrumbList","@id":"https:\/\/www.timminslegalclinic.ca\/fr\/qui-nous-sommes\/devenir-membre-de-la-clinique\/#breadcrumb","itemListElement":[{"@type":"ListItem","position":1,"name":"Home","item":"https:\/\/www.timminslegalclinic.ca\/fr\/"},{"@type":"ListItem","position":2,"name":"Qui nous sommes","item":"https:\/\/www.timminslegalclinic.ca\/fr\/qui-nous-sommes\/"},{"@type":"ListItem","position":3,"name":"Devenir membre de la clinique"}]},{"@type":"WebSite","@id":"https:\/\/www.timminslegalclinic.ca\/#website","url":"https:\/\/www.timminslegalclinic.ca\/","name":"CEO All Clinics","description":"","potentialAction":[{"@type":"SearchAction","target":{"@type":"EntryPoint","urlTemplate":"https:\/\/www.timminslegalclinic.ca\/?s={search_term_string}"},"query-input":{"@type":"PropertyValueSpecification","valueRequired":true,"valueName":"search_term_string"}}],"inLanguage":"fr-FR"}]}},"_links":{"self":[{"href":"https:\/\/www.timminslegalclinic.ca\/fr\/wp-json\/wp\/v2\/pages\/1036","targetHints":{"allow":["GET"]}}],"collection":[{"href":"https:\/\/www.timminslegalclinic.ca\/fr\/wp-json\/wp\/v2\/pages"}],"about":[{"href":"https:\/\/www.timminslegalclinic.ca\/fr\/wp-json\/wp\/v2\/types\/page"}],"author":[{"embeddable":true,"href":"https:\/\/www.timminslegalclinic.ca\/fr\/wp-json\/wp\/v2\/users\/2"}],"replies":[{"embeddable":true,"href":"https:\/\/www.timminslegalclinic.ca\/fr\/wp-json\/wp\/v2\/comments?post=1036"}],"version-history":[{"count":1,"href":"https:\/\/www.timminslegalclinic.ca\/fr\/wp-json\/wp\/v2\/pages\/1036\/revisions"}],"predecessor-version":[{"id":1037,"href":"https:\/\/www.timminslegalclinic.ca\/fr\/wp-json\/wp\/v2\/pages\/1036\/revisions\/1037"}],"up":[{"embeddable":true,"href":"https:\/\/www.timminslegalclinic.ca\/fr\/wp-json\/wp\/v2\/pages\/1032"}],"wp:attachment":[{"href":"https:\/\/www.timminslegalclinic.ca\/fr\/wp-json\/wp\/v2\/media?parent=1036"}],"curies":[{"name":"wp","href":"https:\/\/api.w.org\/{rel}","templated":true}]}}