{"id":1042,"date":"2019-12-11T04:26:14","date_gmt":"2019-12-11T09:26:14","guid":{"rendered":"https:\/\/ttlc.turnbull.co\/?page_id=1042"},"modified":"2019-12-11T04:26:16","modified_gmt":"2019-12-11T09:26:16","slug":"reconnaissance","status":"publish","type":"page","link":"https:\/\/www.timminslegalclinic.ca\/fr\/qui-nous-sommes\/reconnaissance\/","title":{"rendered":"Reconnaissance"},"content":{"rendered":"\n<p>La Clinique juridique communautaire de Timmins-T\u00e9miskamigue reconnait que son si\u00e8ge social est situ\u00e9 sur le territoire vis\u00e9 par le trait\u00e9 no. 9 et que les terres sur lesquelles la clinique op\u00e8re font partie du territoire traditionnel des peuples ojibw\u00e9 \/ chippewa, mushkegowuk (Cri), algonquins et m\u00e9tis. Nous faisons de cette reconnaissance comme premier pas pour nous acquitter de notre responsabilit\u00e9 d&rsquo;examiner de mani\u00e8re critique les histoires coloniales et leurs impacts sur le pr\u00e9sent. En reconnaissant la grande histoire des peuples autochtones, nous soutenons et c\u00e9l\u00e9brons la poursuite d\u2019une culture vivante qui joue un r\u00f4le si important dans notre r\u00e9gion. Nous reconnaissons les anciens, pass\u00e9s et pr\u00e9sents, ainsi que les leaders \u00e9mergents de demain.<\/p>\n<p>La Clinique juridique communautaire de Timmins-T\u00e9miskamigue reconna\u00eet \u00e9galement avoir exerc\u00e9 des activit\u00e9s dans le cadre du trait\u00e9 Robinson-Huron et que cette terre est le territoire traditionnel des peuples Cri, Ojibwa et Algonquin.<\/p>\n<p>Nous les remercions pour leur hospitalit\u00e9 continue; c&rsquo;est un privil\u00e8ge d&rsquo;utiliser les territoires traditionnels des peuples autochtones.<\/p>\n","protected":false},"excerpt":{"rendered":"<p>La Clinique juridique communautaire de Timmins-T\u00e9miskamigue reconnait que son si\u00e8ge social est situ\u00e9 sur le territoire vis\u00e9 par le trait\u00e9 no. 9 et que les terres sur lesquelles la clinique op\u00e8re font partie du territoire traditionnel des peuples ojibw\u00e9 \/ chippewa, mushkegowuk (Cri), algonquins et m\u00e9tis. Nous faisons de cette reconnaissance comme premier pas pour nous acquitter de notre responsabilit\u00e9 d&rsquo;examiner de mani\u00e8re critique les histoires coloniales et leurs impacts sur le pr\u00e9sent.<\/p>\n","protected":false},"author":2,"featured_media":0,"parent":1032,"menu_order":0,"comment_status":"closed","ping_status":"closed","template":"","meta":{"_bbp_topic_count":0,"_bbp_reply_count":0,"_bbp_total_topic_count":0,"_bbp_total_reply_count":0,"_bbp_voice_count":0,"_bbp_anonymous_reply_count":0,"_bbp_topic_count_hidden":0,"_bbp_reply_count_hidden":0,"_bbp_forum_subforum_count":0,"footnotes":""},"class_list":["post-1042","page","type-page","status-publish","hentry"],"yoast_head":"<!-- This site is optimized with the Yoast SEO plugin v27.0 - https:\/\/yoast.com\/product\/yoast-seo-wordpress\/ -->\n<title>Reconnaissance - Timmins-Temiskaming Community Legal Clinic<\/title>\n<meta name=\"robots\" content=\"index, follow, max-snippet:-1, max-image-preview:large, max-video-preview:-1\" \/>\n<link rel=\"canonical\" href=\"https:\/\/www.timminslegalclinic.ca\/fr\/qui-nous-sommes\/reconnaissance\/\" \/>\n<meta property=\"og:locale\" content=\"fr_FR\" \/>\n<meta property=\"og:type\" content=\"article\" \/>\n<meta property=\"og:title\" content=\"Reconnaissance - Timmins-Temiskaming Community Legal Clinic\" \/>\n<meta property=\"og:description\" content=\"La Clinique juridique communautaire de Timmins-T\u00e9miskamigue reconnait que son si\u00e8ge social est situ\u00e9 sur le territoire vis\u00e9 par le trait\u00e9 no. 9 et que les terres sur lesquelles la clinique op\u00e8re font partie du territoire traditionnel des peuples ojibw\u00e9 \/ chippewa, mushkegowuk (Cri), algonquins et m\u00e9tis. Nous faisons de cette reconnaissance comme premier pas pour nous acquitter de notre responsabilit\u00e9 d&rsquo;examiner de mani\u00e8re critique les histoires coloniales et leurs impacts sur le pr\u00e9sent.\" \/>\n<meta property=\"og:url\" content=\"https:\/\/www.timminslegalclinic.ca\/fr\/qui-nous-sommes\/reconnaissance\/\" \/>\n<meta property=\"og:site_name\" content=\"Timmins-Temiskaming Community Legal Clinic\" \/>\n<meta property=\"article:modified_time\" content=\"2019-12-11T09:26:16+00:00\" \/>\n<meta name=\"twitter:card\" content=\"summary_large_image\" \/>\n<meta name=\"twitter:label1\" content=\"Dur\u00e9e de lecture estim\u00e9e\" \/>\n\t<meta name=\"twitter:data1\" content=\"1 minute\" \/>\n<script type=\"application\/ld+json\" class=\"yoast-schema-graph\">{\"@context\":\"https:\/\/schema.org\",\"@graph\":[{\"@type\":\"WebPage\",\"@id\":\"https:\/\/www.timminslegalclinic.ca\/fr\/qui-nous-sommes\/reconnaissance\/\",\"url\":\"https:\/\/www.timminslegalclinic.ca\/fr\/qui-nous-sommes\/reconnaissance\/\",\"name\":\"Reconnaissance - Timmins-Temiskaming Community Legal Clinic\",\"isPartOf\":{\"@id\":\"https:\/\/www.timminslegalclinic.ca\/#website\"},\"datePublished\":\"2019-12-11T09:26:14+00:00\",\"dateModified\":\"2019-12-11T09:26:16+00:00\",\"breadcrumb\":{\"@id\":\"https:\/\/www.timminslegalclinic.ca\/fr\/qui-nous-sommes\/reconnaissance\/#breadcrumb\"},\"inLanguage\":\"fr-FR\",\"potentialAction\":[{\"@type\":\"ReadAction\",\"target\":[\"https:\/\/www.timminslegalclinic.ca\/fr\/qui-nous-sommes\/reconnaissance\/\"]}]},{\"@type\":\"BreadcrumbList\",\"@id\":\"https:\/\/www.timminslegalclinic.ca\/fr\/qui-nous-sommes\/reconnaissance\/#breadcrumb\",\"itemListElement\":[{\"@type\":\"ListItem\",\"position\":1,\"name\":\"Home\",\"item\":\"https:\/\/www.timminslegalclinic.ca\/fr\/\"},{\"@type\":\"ListItem\",\"position\":2,\"name\":\"Qui nous sommes\",\"item\":\"https:\/\/www.timminslegalclinic.ca\/fr\/qui-nous-sommes\/\"},{\"@type\":\"ListItem\",\"position\":3,\"name\":\"Reconnaissance\"}]},{\"@type\":\"WebSite\",\"@id\":\"https:\/\/www.timminslegalclinic.ca\/#website\",\"url\":\"https:\/\/www.timminslegalclinic.ca\/\",\"name\":\"CEO All Clinics\",\"description\":\"\",\"potentialAction\":[{\"@type\":\"SearchAction\",\"target\":{\"@type\":\"EntryPoint\",\"urlTemplate\":\"https:\/\/www.timminslegalclinic.ca\/?s={search_term_string}\"},\"query-input\":{\"@type\":\"PropertyValueSpecification\",\"valueRequired\":true,\"valueName\":\"search_term_string\"}}],\"inLanguage\":\"fr-FR\"}]}<\/script>\n<!-- \/ Yoast SEO plugin. -->","yoast_head_json":{"title":"Reconnaissance - Timmins-Temiskaming Community Legal Clinic","robots":{"index":"index","follow":"follow","max-snippet":"max-snippet:-1","max-image-preview":"max-image-preview:large","max-video-preview":"max-video-preview:-1"},"canonical":"https:\/\/www.timminslegalclinic.ca\/fr\/qui-nous-sommes\/reconnaissance\/","og_locale":"fr_FR","og_type":"article","og_title":"Reconnaissance - Timmins-Temiskaming Community Legal Clinic","og_description":"La Clinique juridique communautaire de Timmins-T\u00e9miskamigue reconnait que son si\u00e8ge social est situ\u00e9 sur le territoire vis\u00e9 par le trait\u00e9 no. 9 et que les terres sur lesquelles la clinique op\u00e8re font partie du territoire traditionnel des peuples ojibw\u00e9 \/ chippewa, mushkegowuk (Cri), algonquins et m\u00e9tis. Nous faisons de cette reconnaissance comme premier pas pour nous acquitter de notre responsabilit\u00e9 d&rsquo;examiner de mani\u00e8re critique les histoires coloniales et leurs impacts sur le pr\u00e9sent.","og_url":"https:\/\/www.timminslegalclinic.ca\/fr\/qui-nous-sommes\/reconnaissance\/","og_site_name":"Timmins-Temiskaming Community Legal Clinic","article_modified_time":"2019-12-11T09:26:16+00:00","twitter_card":"summary_large_image","twitter_misc":{"Dur\u00e9e de lecture estim\u00e9e":"1 minute"},"schema":{"@context":"https:\/\/schema.org","@graph":[{"@type":"WebPage","@id":"https:\/\/www.timminslegalclinic.ca\/fr\/qui-nous-sommes\/reconnaissance\/","url":"https:\/\/www.timminslegalclinic.ca\/fr\/qui-nous-sommes\/reconnaissance\/","name":"Reconnaissance - Timmins-Temiskaming Community Legal Clinic","isPartOf":{"@id":"https:\/\/www.timminslegalclinic.ca\/#website"},"datePublished":"2019-12-11T09:26:14+00:00","dateModified":"2019-12-11T09:26:16+00:00","breadcrumb":{"@id":"https:\/\/www.timminslegalclinic.ca\/fr\/qui-nous-sommes\/reconnaissance\/#breadcrumb"},"inLanguage":"fr-FR","potentialAction":[{"@type":"ReadAction","target":["https:\/\/www.timminslegalclinic.ca\/fr\/qui-nous-sommes\/reconnaissance\/"]}]},{"@type":"BreadcrumbList","@id":"https:\/\/www.timminslegalclinic.ca\/fr\/qui-nous-sommes\/reconnaissance\/#breadcrumb","itemListElement":[{"@type":"ListItem","position":1,"name":"Home","item":"https:\/\/www.timminslegalclinic.ca\/fr\/"},{"@type":"ListItem","position":2,"name":"Qui nous sommes","item":"https:\/\/www.timminslegalclinic.ca\/fr\/qui-nous-sommes\/"},{"@type":"ListItem","position":3,"name":"Reconnaissance"}]},{"@type":"WebSite","@id":"https:\/\/www.timminslegalclinic.ca\/#website","url":"https:\/\/www.timminslegalclinic.ca\/","name":"CEO All Clinics","description":"","potentialAction":[{"@type":"SearchAction","target":{"@type":"EntryPoint","urlTemplate":"https:\/\/www.timminslegalclinic.ca\/?s={search_term_string}"},"query-input":{"@type":"PropertyValueSpecification","valueRequired":true,"valueName":"search_term_string"}}],"inLanguage":"fr-FR"}]}},"_links":{"self":[{"href":"https:\/\/www.timminslegalclinic.ca\/fr\/wp-json\/wp\/v2\/pages\/1042","targetHints":{"allow":["GET"]}}],"collection":[{"href":"https:\/\/www.timminslegalclinic.ca\/fr\/wp-json\/wp\/v2\/pages"}],"about":[{"href":"https:\/\/www.timminslegalclinic.ca\/fr\/wp-json\/wp\/v2\/types\/page"}],"author":[{"embeddable":true,"href":"https:\/\/www.timminslegalclinic.ca\/fr\/wp-json\/wp\/v2\/users\/2"}],"replies":[{"embeddable":true,"href":"https:\/\/www.timminslegalclinic.ca\/fr\/wp-json\/wp\/v2\/comments?post=1042"}],"version-history":[{"count":1,"href":"https:\/\/www.timminslegalclinic.ca\/fr\/wp-json\/wp\/v2\/pages\/1042\/revisions"}],"predecessor-version":[{"id":1043,"href":"https:\/\/www.timminslegalclinic.ca\/fr\/wp-json\/wp\/v2\/pages\/1042\/revisions\/1043"}],"up":[{"embeddable":true,"href":"https:\/\/www.timminslegalclinic.ca\/fr\/wp-json\/wp\/v2\/pages\/1032"}],"wp:attachment":[{"href":"https:\/\/www.timminslegalclinic.ca\/fr\/wp-json\/wp\/v2\/media?parent=1042"}],"curies":[{"name":"wp","href":"https:\/\/api.w.org\/{rel}","templated":true}]}}