{"id":1046,"date":"2019-12-11T04:29:20","date_gmt":"2019-12-11T09:29:20","guid":{"rendered":"https:\/\/ttlc.turnbull.co\/?page_id=1046"},"modified":"2019-12-11T09:47:35","modified_gmt":"2019-12-11T14:47:35","slug":"comment-pouvons-nous-vous-aider","status":"publish","type":"page","link":"https:\/\/www.timminslegalclinic.ca\/fr\/nos-services\/comment-pouvons-nous-vous-aider\/","title":{"rendered":"Comment pouvons-nous vous aider"},"content":{"rendered":"\n<h2>Comment pouvons-nous vous aider<\/h2>\n<ul>\n<li>Est-ce que votre propri\u00e9taire essaie de vous expulser?<\/li>\n<li>Est-ce que votre propri\u00e9taire ignore vos demandent de r\u00e9paration?<\/li>\n<li>Vous a-t-on refus\u00e9 Ontario au travail?<\/li>\n<li>Avez-vous \u00e9t\u00e9 inform\u00e9 d\u2019un trop-pay\u00e9 sur votre Ontario au Travail ou votre Programme ontarien de soutien aux personnes handicap\u00e9es (POSPH)?<\/li>\n<li>Avez-vous \u00e9t\u00e9 reconnu comme n\u2019\u00e9tant pas une personne handicap\u00e9e? Ou vous a-t-on refus\u00e9 votre demande au Programme ontarien de soutien aux personnes handicap\u00e9es parce que vous n\u2019\u00eates pas consid\u00e9r\u00e9 comme \u00e9tant une personne handicap\u00e9e?<\/li>\n<li>Avez-vous besoin d\u2019aide avec votre demande de prestations du R\u00e9gime de pension du Canada?<\/li>\n<\/ul>\n<h2>Nos domaines principaux d\u2019intervention<\/h2>\n<ul>\n<li><a href=\"\/fr\/legal-topic\/programme-ontarien-de-soutien-aux-personnes-handicapees-posph\/\">Programme ontarien de soutien aux personnes handicap\u00e9es (POSPH)<\/a><\/li>\n<li><a href=\"\/fr\/legal-topic\/droit-des-locataires\/\">Droit du logement<\/a> (locataires seulement)<\/li>\n<li><a href=\"\/fr\/legal-topic\/programme-ontario-au-travail-aide-sociale\/\">Ontario au travail (OT)<\/a><\/li>\n<li><a href=\"\/fr\/legal-topic\/emploi-et-travail\/\">Assurance-emploi<\/a><\/li>\n<li><a href=\"\/fr\/legal-topic\/regime-de-pension-du-canada\/\">R\u00e9gime de pensions du Canada (RCP)<\/a><\/li>\n<li><a href=\"\/fr\/legal-topic\/dettes-et-droits-du-consommateur\/\">Probl\u00e8mes du consommateur<\/a><\/li>\n<\/ul>\n<h2>Comptoirs d\u2019imp\u00f4ts<\/h2>\n<p>La Directrice ex\u00e9cutive de la clinique fait du b\u00e9n\u00e9volat dans le cadre du Programme communautaire des b\u00e9n\u00e9voles en mati\u00e8re d\u2019imp\u00f4t avec l\u2019Agence du revenu du Canada. L\u2019objectif de ce programme est d\u2019aider les familles \u00e0 faible revenus \u00e0 compl\u00e9ter leur d\u00e9claration d\u2019imp\u00f4t et de s\u2019assurer qu\u2019elles obtiennent les cr\u00e9dits ou avantages financiers provinciaux et f\u00e9d\u00e9raux auxquels elles ont droit.<\/p>\n<p>Ne vous inqui\u00e9tez pas si votre probl\u00e8me n\u2019entre pas dans l\u2019une de ces cat\u00e9gories! Les exemples \u00e9num\u00e9r\u00e9s ci-dessus ne sont qu\u2019\u00e0 titre indicatifs et repr\u00e9sente les questions les plus fr\u00e9quemment demand\u00e9s. Vous pouvez nous contacter et nous vous aiderons \u00e0 trouver l\u2019aide appropri\u00e9 pour vos besoins. \u00a0<\/p>\n<p>Des cliniques juridiques sp\u00e9cialis\u00e9es ont \u00e9t\u00e9 \u00e9tablies en Ontario pour repr\u00e9senter les personnes \u00e0 faible revenu avec des probl\u00e9matiques juridiques li\u00e9s \u00e0 l\u2019abus des personnes \u00e2g\u00e9es, au VIH\/ sida, au droit de l\u2019environnement et plus encore. Il est important de noter que les cliniques juridiques sp\u00e9cialis\u00e9es ne se limitent pas \u00e0 desservir une r\u00e9gion particuli\u00e8re. Pour plus d\u2019informations sur les cliniques juridiques sp\u00e9cialis\u00e9es ou pour \u00eatre r\u00e9f\u00e9r\u00e9 \u00e0 l\u2019une d\u2019entre elles, n\u2019h\u00e9sitez pas \u00e0 nous contacter \u00e0 notre num\u00e9ro sans frais 1-866-382-0300.<\/p>\n<p>La Clinique juridique communautaire de Timmins-T\u00e9miskamingue ne peut pas repr\u00e9senter des clients dans certains domaines tels que le droit de la famille, la protection des enfants ou le droit p\u00e9nal. Pour obtenir de l\u2019aide juridique dans ces domaines de droit, veuillez appeler Aide juridique Ontario au 1-866-668-8258 pour demander un certificat d\u2019aide juridique. Si vous \u00eates admissible financi\u00e8rement, vous pouvez alors choisir parmi leur panel d\u2019avocats exp\u00e9riment\u00e9s pour vous repr\u00e9senter.<\/p>\n<h2>R\u00e9f\u00e9rences<\/h2>\n<p>Veuillez noter que nous n\u2019offrons pas des services juridiques dans tous les domaines de droit. Par contre, si nous ne pouvons pas vous aider, nous vous dirigerons vers les services appropri\u00e9s qui seront r\u00e9pondre \u00e0 vos besoins.<\/p>\n","protected":false},"excerpt":{"rendered":"<p>Comment pouvons-nous vous aider<\/p>\n<p>Est-ce que votre propri\u00e9taire essaie de vous expulser?<br \/>\nEst-ce que votre propri\u00e9taire ignore vos demandent de r\u00e9paration?<br \/>\nVous a-t-on refus\u00e9 Ontario au travail?<br \/>\nAvez-vous \u00e9t\u00e9 inform\u00e9 d\u2019un trop-pay\u00e9 sur votre Ontario au Travail ou votre Programme ontarien de soutien aux personnes handicap\u00e9es (POSPH)?<br \/>\nAvez-vous \u00e9t\u00e9 reconnu comme n\u2019\u00e9tant pas une personne handicap\u00e9e?<\/p>\n","protected":false},"author":2,"featured_media":0,"parent":1044,"menu_order":0,"comment_status":"closed","ping_status":"closed","template":"","meta":{"_bbp_topic_count":0,"_bbp_reply_count":0,"_bbp_total_topic_count":0,"_bbp_total_reply_count":0,"_bbp_voice_count":0,"_bbp_anonymous_reply_count":0,"_bbp_topic_count_hidden":0,"_bbp_reply_count_hidden":0,"_bbp_forum_subforum_count":0,"footnotes":""},"class_list":["post-1046","page","type-page","status-publish","hentry"],"yoast_head":"<!-- This site is optimized with the Yoast SEO plugin v27.0 - https:\/\/yoast.com\/product\/yoast-seo-wordpress\/ -->\n<title>Comment pouvons-nous vous aider - Timmins-Temiskaming Community Legal Clinic<\/title>\n<meta name=\"robots\" content=\"index, follow, max-snippet:-1, max-image-preview:large, max-video-preview:-1\" \/>\n<link rel=\"canonical\" href=\"https:\/\/www.timminslegalclinic.ca\/fr\/nos-services\/comment-pouvons-nous-vous-aider\/\" \/>\n<meta property=\"og:locale\" content=\"fr_FR\" \/>\n<meta property=\"og:type\" content=\"article\" \/>\n<meta property=\"og:title\" content=\"Comment pouvons-nous vous aider - Timmins-Temiskaming Community Legal Clinic\" \/>\n<meta property=\"og:description\" content=\"Comment pouvons-nous vous aider Est-ce que votre propri\u00e9taire essaie de vous expulser? Est-ce que votre propri\u00e9taire ignore vos demandent de r\u00e9paration? Vous a-t-on refus\u00e9 Ontario au travail? Avez-vous \u00e9t\u00e9 inform\u00e9 d\u2019un trop-pay\u00e9 sur votre Ontario au Travail ou votre Programme ontarien de soutien aux personnes handicap\u00e9es (POSPH)? Avez-vous \u00e9t\u00e9 reconnu comme n\u2019\u00e9tant pas une personne handicap\u00e9e?\" \/>\n<meta property=\"og:url\" content=\"https:\/\/www.timminslegalclinic.ca\/fr\/nos-services\/comment-pouvons-nous-vous-aider\/\" \/>\n<meta property=\"og:site_name\" content=\"Timmins-Temiskaming Community Legal Clinic\" \/>\n<meta property=\"article:modified_time\" content=\"2019-12-11T14:47:35+00:00\" \/>\n<meta name=\"twitter:card\" content=\"summary_large_image\" \/>\n<meta name=\"twitter:label1\" content=\"Dur\u00e9e de lecture estim\u00e9e\" \/>\n\t<meta name=\"twitter:data1\" content=\"3 minutes\" \/>\n<script type=\"application\/ld+json\" class=\"yoast-schema-graph\">{\"@context\":\"https:\/\/schema.org\",\"@graph\":[{\"@type\":\"WebPage\",\"@id\":\"https:\/\/www.timminslegalclinic.ca\/fr\/nos-services\/comment-pouvons-nous-vous-aider\/\",\"url\":\"https:\/\/www.timminslegalclinic.ca\/fr\/nos-services\/comment-pouvons-nous-vous-aider\/\",\"name\":\"Comment pouvons-nous vous aider - Timmins-Temiskaming Community Legal Clinic\",\"isPartOf\":{\"@id\":\"https:\/\/www.timminslegalclinic.ca\/#website\"},\"datePublished\":\"2019-12-11T09:29:20+00:00\",\"dateModified\":\"2019-12-11T14:47:35+00:00\",\"breadcrumb\":{\"@id\":\"https:\/\/www.timminslegalclinic.ca\/fr\/nos-services\/comment-pouvons-nous-vous-aider\/#breadcrumb\"},\"inLanguage\":\"fr-FR\",\"potentialAction\":[{\"@type\":\"ReadAction\",\"target\":[\"https:\/\/www.timminslegalclinic.ca\/fr\/nos-services\/comment-pouvons-nous-vous-aider\/\"]}]},{\"@type\":\"BreadcrumbList\",\"@id\":\"https:\/\/www.timminslegalclinic.ca\/fr\/nos-services\/comment-pouvons-nous-vous-aider\/#breadcrumb\",\"itemListElement\":[{\"@type\":\"ListItem\",\"position\":1,\"name\":\"Home\",\"item\":\"https:\/\/www.timminslegalclinic.ca\/fr\/\"},{\"@type\":\"ListItem\",\"position\":2,\"name\":\"Nos services\",\"item\":\"https:\/\/www.timminslegalclinic.ca\/fr\/nos-services\/\"},{\"@type\":\"ListItem\",\"position\":3,\"name\":\"Comment pouvons-nous vous aider\"}]},{\"@type\":\"WebSite\",\"@id\":\"https:\/\/www.timminslegalclinic.ca\/#website\",\"url\":\"https:\/\/www.timminslegalclinic.ca\/\",\"name\":\"CEO All Clinics\",\"description\":\"\",\"potentialAction\":[{\"@type\":\"SearchAction\",\"target\":{\"@type\":\"EntryPoint\",\"urlTemplate\":\"https:\/\/www.timminslegalclinic.ca\/?s={search_term_string}\"},\"query-input\":{\"@type\":\"PropertyValueSpecification\",\"valueRequired\":true,\"valueName\":\"search_term_string\"}}],\"inLanguage\":\"fr-FR\"}]}<\/script>\n<!-- \/ Yoast SEO plugin. -->","yoast_head_json":{"title":"Comment pouvons-nous vous aider - Timmins-Temiskaming Community Legal Clinic","robots":{"index":"index","follow":"follow","max-snippet":"max-snippet:-1","max-image-preview":"max-image-preview:large","max-video-preview":"max-video-preview:-1"},"canonical":"https:\/\/www.timminslegalclinic.ca\/fr\/nos-services\/comment-pouvons-nous-vous-aider\/","og_locale":"fr_FR","og_type":"article","og_title":"Comment pouvons-nous vous aider - Timmins-Temiskaming Community Legal Clinic","og_description":"Comment pouvons-nous vous aider Est-ce que votre propri\u00e9taire essaie de vous expulser? Est-ce que votre propri\u00e9taire ignore vos demandent de r\u00e9paration? Vous a-t-on refus\u00e9 Ontario au travail? Avez-vous \u00e9t\u00e9 inform\u00e9 d\u2019un trop-pay\u00e9 sur votre Ontario au Travail ou votre Programme ontarien de soutien aux personnes handicap\u00e9es (POSPH)? Avez-vous \u00e9t\u00e9 reconnu comme n\u2019\u00e9tant pas une personne handicap\u00e9e?","og_url":"https:\/\/www.timminslegalclinic.ca\/fr\/nos-services\/comment-pouvons-nous-vous-aider\/","og_site_name":"Timmins-Temiskaming Community Legal Clinic","article_modified_time":"2019-12-11T14:47:35+00:00","twitter_card":"summary_large_image","twitter_misc":{"Dur\u00e9e de lecture estim\u00e9e":"3 minutes"},"schema":{"@context":"https:\/\/schema.org","@graph":[{"@type":"WebPage","@id":"https:\/\/www.timminslegalclinic.ca\/fr\/nos-services\/comment-pouvons-nous-vous-aider\/","url":"https:\/\/www.timminslegalclinic.ca\/fr\/nos-services\/comment-pouvons-nous-vous-aider\/","name":"Comment pouvons-nous vous aider - Timmins-Temiskaming Community Legal Clinic","isPartOf":{"@id":"https:\/\/www.timminslegalclinic.ca\/#website"},"datePublished":"2019-12-11T09:29:20+00:00","dateModified":"2019-12-11T14:47:35+00:00","breadcrumb":{"@id":"https:\/\/www.timminslegalclinic.ca\/fr\/nos-services\/comment-pouvons-nous-vous-aider\/#breadcrumb"},"inLanguage":"fr-FR","potentialAction":[{"@type":"ReadAction","target":["https:\/\/www.timminslegalclinic.ca\/fr\/nos-services\/comment-pouvons-nous-vous-aider\/"]}]},{"@type":"BreadcrumbList","@id":"https:\/\/www.timminslegalclinic.ca\/fr\/nos-services\/comment-pouvons-nous-vous-aider\/#breadcrumb","itemListElement":[{"@type":"ListItem","position":1,"name":"Home","item":"https:\/\/www.timminslegalclinic.ca\/fr\/"},{"@type":"ListItem","position":2,"name":"Nos services","item":"https:\/\/www.timminslegalclinic.ca\/fr\/nos-services\/"},{"@type":"ListItem","position":3,"name":"Comment pouvons-nous vous aider"}]},{"@type":"WebSite","@id":"https:\/\/www.timminslegalclinic.ca\/#website","url":"https:\/\/www.timminslegalclinic.ca\/","name":"CEO All Clinics","description":"","potentialAction":[{"@type":"SearchAction","target":{"@type":"EntryPoint","urlTemplate":"https:\/\/www.timminslegalclinic.ca\/?s={search_term_string}"},"query-input":{"@type":"PropertyValueSpecification","valueRequired":true,"valueName":"search_term_string"}}],"inLanguage":"fr-FR"}]}},"_links":{"self":[{"href":"https:\/\/www.timminslegalclinic.ca\/fr\/wp-json\/wp\/v2\/pages\/1046","targetHints":{"allow":["GET"]}}],"collection":[{"href":"https:\/\/www.timminslegalclinic.ca\/fr\/wp-json\/wp\/v2\/pages"}],"about":[{"href":"https:\/\/www.timminslegalclinic.ca\/fr\/wp-json\/wp\/v2\/types\/page"}],"author":[{"embeddable":true,"href":"https:\/\/www.timminslegalclinic.ca\/fr\/wp-json\/wp\/v2\/users\/2"}],"replies":[{"embeddable":true,"href":"https:\/\/www.timminslegalclinic.ca\/fr\/wp-json\/wp\/v2\/comments?post=1046"}],"version-history":[{"count":3,"href":"https:\/\/www.timminslegalclinic.ca\/fr\/wp-json\/wp\/v2\/pages\/1046\/revisions"}],"predecessor-version":[{"id":1130,"href":"https:\/\/www.timminslegalclinic.ca\/fr\/wp-json\/wp\/v2\/pages\/1046\/revisions\/1130"}],"up":[{"embeddable":true,"href":"https:\/\/www.timminslegalclinic.ca\/fr\/wp-json\/wp\/v2\/pages\/1044"}],"wp:attachment":[{"href":"https:\/\/www.timminslegalclinic.ca\/fr\/wp-json\/wp\/v2\/media?parent=1046"}],"curies":[{"name":"wp","href":"https:\/\/api.w.org\/{rel}","templated":true}]}}