{"id":1048,"date":"2019-12-11T04:30:41","date_gmt":"2019-12-11T09:30:41","guid":{"rendered":"https:\/\/ttlc.turnbull.co\/?page_id=1048"},"modified":"2019-12-11T04:30:43","modified_gmt":"2019-12-11T09:30:43","slug":"confidentialite","status":"publish","type":"page","link":"https:\/\/www.timminslegalclinic.ca\/fr\/nos-services\/confidentialite\/","title":{"rendered":"Confidentialit\u00e9"},"content":{"rendered":"\n<p>Toutes les informations que vous nous donnez au sujet de vos probl\u00e8mes juridiques sont confidentielles \u2013 que nous vous fournissions des conseils juridiques, que nous vous dirigions vers d\u2019autres services \u00a0ou que nous vous repr\u00e9sentions devant une cour ou un tribunal. Les seules exceptions \u00e0 la divulgation de vos informations sont lorsqu\u2019il existe un risque pouvant causer la mort ou des blessures graves \u00e0 vous ou \u00e0 un autre individu ou si nous recevons une demande d\u2019informations financi\u00e8res de la part d\u2019Aide juridique de l\u2019Ontario pour d\u00e9montrer que vous \u00eates admissible \u00e0 nos services.<\/p>\n","protected":false},"excerpt":{"rendered":"<p>Toutes les informations que vous nous donnez au sujet de vos probl\u00e8mes juridiques sont confidentielles \u2013 que nous vous fournissions des conseils juridiques, que nous vous dirigions vers d\u2019autres services \u00a0ou que nous vous repr\u00e9sentions devant une cour ou un tribunal. Les seules exceptions \u00e0 la divulgation de vos informations sont lorsqu\u2019il existe un risque pouvant causer la mort ou des blessures graves \u00e0 vous ou \u00e0 un autre individu ou si nous recevons une demande d\u2019informations financi\u00e8res de la part d\u2019Aide juridique de l\u2019Ontario pour d\u00e9montrer que vous \u00eates admissible \u00e0 nos services.<\/p>\n","protected":false},"author":2,"featured_media":0,"parent":1044,"menu_order":0,"comment_status":"closed","ping_status":"closed","template":"","meta":{"_bbp_topic_count":0,"_bbp_reply_count":0,"_bbp_total_topic_count":0,"_bbp_total_reply_count":0,"_bbp_voice_count":0,"_bbp_anonymous_reply_count":0,"_bbp_topic_count_hidden":0,"_bbp_reply_count_hidden":0,"_bbp_forum_subforum_count":0,"footnotes":""},"class_list":["post-1048","page","type-page","status-publish","hentry"],"yoast_head":"<!-- This site is optimized with the Yoast SEO plugin v27.0 - https:\/\/yoast.com\/product\/yoast-seo-wordpress\/ -->\n<title>Confidentialit\u00e9 - Timmins-Temiskaming Community Legal Clinic<\/title>\n<meta name=\"robots\" content=\"index, follow, max-snippet:-1, max-image-preview:large, max-video-preview:-1\" \/>\n<link rel=\"canonical\" href=\"https:\/\/www.timminslegalclinic.ca\/fr\/nos-services\/confidentialite\/\" \/>\n<meta property=\"og:locale\" content=\"fr_FR\" \/>\n<meta property=\"og:type\" content=\"article\" \/>\n<meta property=\"og:title\" content=\"Confidentialit\u00e9 - Timmins-Temiskaming Community Legal Clinic\" \/>\n<meta property=\"og:description\" content=\"Toutes les informations que vous nous donnez au sujet de vos probl\u00e8mes juridiques sont confidentielles \u2013 que nous vous fournissions des conseils juridiques, que nous vous dirigions vers d\u2019autres services \u00a0ou que nous vous repr\u00e9sentions devant une cour ou un tribunal. Les seules exceptions \u00e0 la divulgation de vos informations sont lorsqu\u2019il existe un risque pouvant causer la mort ou des blessures graves \u00e0 vous ou \u00e0 un autre individu ou si nous recevons une demande d\u2019informations financi\u00e8res de la part d\u2019Aide juridique de l\u2019Ontario pour d\u00e9montrer que vous \u00eates admissible \u00e0 nos services.\" \/>\n<meta property=\"og:url\" content=\"https:\/\/www.timminslegalclinic.ca\/fr\/nos-services\/confidentialite\/\" \/>\n<meta property=\"og:site_name\" content=\"Timmins-Temiskaming Community Legal Clinic\" \/>\n<meta property=\"article:modified_time\" content=\"2019-12-11T09:30:43+00:00\" \/>\n<meta name=\"twitter:card\" content=\"summary_large_image\" \/>\n<script type=\"application\/ld+json\" class=\"yoast-schema-graph\">{\"@context\":\"https:\/\/schema.org\",\"@graph\":[{\"@type\":\"WebPage\",\"@id\":\"https:\/\/www.timminslegalclinic.ca\/fr\/nos-services\/confidentialite\/\",\"url\":\"https:\/\/www.timminslegalclinic.ca\/fr\/nos-services\/confidentialite\/\",\"name\":\"Confidentialit\u00e9 - Timmins-Temiskaming Community Legal Clinic\",\"isPartOf\":{\"@id\":\"https:\/\/www.timminslegalclinic.ca\/#website\"},\"datePublished\":\"2019-12-11T09:30:41+00:00\",\"dateModified\":\"2019-12-11T09:30:43+00:00\",\"breadcrumb\":{\"@id\":\"https:\/\/www.timminslegalclinic.ca\/fr\/nos-services\/confidentialite\/#breadcrumb\"},\"inLanguage\":\"fr-FR\",\"potentialAction\":[{\"@type\":\"ReadAction\",\"target\":[\"https:\/\/www.timminslegalclinic.ca\/fr\/nos-services\/confidentialite\/\"]}]},{\"@type\":\"BreadcrumbList\",\"@id\":\"https:\/\/www.timminslegalclinic.ca\/fr\/nos-services\/confidentialite\/#breadcrumb\",\"itemListElement\":[{\"@type\":\"ListItem\",\"position\":1,\"name\":\"Home\",\"item\":\"https:\/\/www.timminslegalclinic.ca\/fr\/\"},{\"@type\":\"ListItem\",\"position\":2,\"name\":\"Nos services\",\"item\":\"https:\/\/www.timminslegalclinic.ca\/fr\/nos-services\/\"},{\"@type\":\"ListItem\",\"position\":3,\"name\":\"Confidentialit\u00e9\"}]},{\"@type\":\"WebSite\",\"@id\":\"https:\/\/www.timminslegalclinic.ca\/#website\",\"url\":\"https:\/\/www.timminslegalclinic.ca\/\",\"name\":\"CEO All Clinics\",\"description\":\"\",\"potentialAction\":[{\"@type\":\"SearchAction\",\"target\":{\"@type\":\"EntryPoint\",\"urlTemplate\":\"https:\/\/www.timminslegalclinic.ca\/?s={search_term_string}\"},\"query-input\":{\"@type\":\"PropertyValueSpecification\",\"valueRequired\":true,\"valueName\":\"search_term_string\"}}],\"inLanguage\":\"fr-FR\"}]}<\/script>\n<!-- \/ Yoast SEO plugin. -->","yoast_head_json":{"title":"Confidentialit\u00e9 - Timmins-Temiskaming Community Legal Clinic","robots":{"index":"index","follow":"follow","max-snippet":"max-snippet:-1","max-image-preview":"max-image-preview:large","max-video-preview":"max-video-preview:-1"},"canonical":"https:\/\/www.timminslegalclinic.ca\/fr\/nos-services\/confidentialite\/","og_locale":"fr_FR","og_type":"article","og_title":"Confidentialit\u00e9 - Timmins-Temiskaming Community Legal Clinic","og_description":"Toutes les informations que vous nous donnez au sujet de vos probl\u00e8mes juridiques sont confidentielles \u2013 que nous vous fournissions des conseils juridiques, que nous vous dirigions vers d\u2019autres services \u00a0ou que nous vous repr\u00e9sentions devant une cour ou un tribunal. Les seules exceptions \u00e0 la divulgation de vos informations sont lorsqu\u2019il existe un risque pouvant causer la mort ou des blessures graves \u00e0 vous ou \u00e0 un autre individu ou si nous recevons une demande d\u2019informations financi\u00e8res de la part d\u2019Aide juridique de l\u2019Ontario pour d\u00e9montrer que vous \u00eates admissible \u00e0 nos services.","og_url":"https:\/\/www.timminslegalclinic.ca\/fr\/nos-services\/confidentialite\/","og_site_name":"Timmins-Temiskaming Community Legal Clinic","article_modified_time":"2019-12-11T09:30:43+00:00","twitter_card":"summary_large_image","schema":{"@context":"https:\/\/schema.org","@graph":[{"@type":"WebPage","@id":"https:\/\/www.timminslegalclinic.ca\/fr\/nos-services\/confidentialite\/","url":"https:\/\/www.timminslegalclinic.ca\/fr\/nos-services\/confidentialite\/","name":"Confidentialit\u00e9 - Timmins-Temiskaming Community Legal Clinic","isPartOf":{"@id":"https:\/\/www.timminslegalclinic.ca\/#website"},"datePublished":"2019-12-11T09:30:41+00:00","dateModified":"2019-12-11T09:30:43+00:00","breadcrumb":{"@id":"https:\/\/www.timminslegalclinic.ca\/fr\/nos-services\/confidentialite\/#breadcrumb"},"inLanguage":"fr-FR","potentialAction":[{"@type":"ReadAction","target":["https:\/\/www.timminslegalclinic.ca\/fr\/nos-services\/confidentialite\/"]}]},{"@type":"BreadcrumbList","@id":"https:\/\/www.timminslegalclinic.ca\/fr\/nos-services\/confidentialite\/#breadcrumb","itemListElement":[{"@type":"ListItem","position":1,"name":"Home","item":"https:\/\/www.timminslegalclinic.ca\/fr\/"},{"@type":"ListItem","position":2,"name":"Nos services","item":"https:\/\/www.timminslegalclinic.ca\/fr\/nos-services\/"},{"@type":"ListItem","position":3,"name":"Confidentialit\u00e9"}]},{"@type":"WebSite","@id":"https:\/\/www.timminslegalclinic.ca\/#website","url":"https:\/\/www.timminslegalclinic.ca\/","name":"CEO All Clinics","description":"","potentialAction":[{"@type":"SearchAction","target":{"@type":"EntryPoint","urlTemplate":"https:\/\/www.timminslegalclinic.ca\/?s={search_term_string}"},"query-input":{"@type":"PropertyValueSpecification","valueRequired":true,"valueName":"search_term_string"}}],"inLanguage":"fr-FR"}]}},"_links":{"self":[{"href":"https:\/\/www.timminslegalclinic.ca\/fr\/wp-json\/wp\/v2\/pages\/1048","targetHints":{"allow":["GET"]}}],"collection":[{"href":"https:\/\/www.timminslegalclinic.ca\/fr\/wp-json\/wp\/v2\/pages"}],"about":[{"href":"https:\/\/www.timminslegalclinic.ca\/fr\/wp-json\/wp\/v2\/types\/page"}],"author":[{"embeddable":true,"href":"https:\/\/www.timminslegalclinic.ca\/fr\/wp-json\/wp\/v2\/users\/2"}],"replies":[{"embeddable":true,"href":"https:\/\/www.timminslegalclinic.ca\/fr\/wp-json\/wp\/v2\/comments?post=1048"}],"version-history":[{"count":1,"href":"https:\/\/www.timminslegalclinic.ca\/fr\/wp-json\/wp\/v2\/pages\/1048\/revisions"}],"predecessor-version":[{"id":1049,"href":"https:\/\/www.timminslegalclinic.ca\/fr\/wp-json\/wp\/v2\/pages\/1048\/revisions\/1049"}],"up":[{"embeddable":true,"href":"https:\/\/www.timminslegalclinic.ca\/fr\/wp-json\/wp\/v2\/pages\/1044"}],"wp:attachment":[{"href":"https:\/\/www.timminslegalclinic.ca\/fr\/wp-json\/wp\/v2\/media?parent=1048"}],"curies":[{"name":"wp","href":"https:\/\/api.w.org\/{rel}","templated":true}]}}