{"id":1050,"date":"2019-12-11T04:34:39","date_gmt":"2019-12-11T09:34:39","guid":{"rendered":"https:\/\/ttlc.turnbull.co\/?page_id=1050"},"modified":"2019-12-11T04:35:23","modified_gmt":"2019-12-11T09:35:23","slug":"admissibilite-financiere","status":"publish","type":"page","link":"https:\/\/www.timminslegalclinic.ca\/fr\/nos-services\/admissibilite-financiere\/","title":{"rendered":"Admissibilit\u00e9 financi\u00e8re"},"content":{"rendered":"\n<h2>Qui est admissible?<\/h2>\n<ul>\n<li>Les personnes dont les probl\u00e8mes juridiques entre dans les domaines de droit pratiqu\u00e9s par la clinique.<\/li>\n<li>Les personnes qui demeurent dans la zone d\u00e9servie par la clinique qui s\u2019\u00e9tend de Timmins jusqu\u2019\u00e0 Latchford.<\/li>\n<li>Les personnes dont le revenu et les actifs respectent les lignes <a href=\"\/wp-content\/uploads\/2019\/09\/Financial-Eligibility-for-Clinic-Law-Services.pdf\">directives \u00e9tablies par Aide juridique Ontario<\/a>. (pour la repr\u00e9sentation juridique.)<\/li>\n<\/ul>\n<p>* Les directives financi\u00e8res ne sont pas prises en compte lorsque le personnel ne fournit que des conseils sommaires.<\/p>\n<h2>Informations g\u00e9n\u00e9rales sur l\u2019\u00e9ligibilit\u00e9<\/h2>\n<p>Nous ne pouvons vous aider que si vous \u00eates une personne \u00e0 faible revenu. Cependant, nous pouvons possiblement \u00eatre en mesure de vous fournir un avis sommaire m\u00eame si votre revenu est sup\u00e9rieur \u00e0 nos crit\u00e8res d\u2019\u00e9ligibilit\u00e9.<\/p>\n<p>Si votre principale source de revenu familial est l\u2019une des suivantes, vous \u00eates automatiquement admissible financi\u00e8rement \u00e0 nos services:<\/p>\n<ul>\n<li>Ontario au travail (OT)<\/li>\n<li>Programme ontarien de soutien aux personnes handicap\u00e9es (POSPH)<\/li>\n<li>Pension de s\u00e9curit\u00e9 de la vieillesse avec suppl\u00e9ment de revenu garanti<\/li>\n<li>Allocation aux anciens combattants<\/li>\n<li>R\u00e9gime de pensions du Canada<\/li>\n<li>Commission de la s\u00e9curit\u00e9 professionnelle et de l\u2019assurance contre les accidents du travail (CSPAAT) temporaire ou menac\u00e9<\/li>\n<\/ul>\n<p>Si vous ne vous qualifiez pas financi\u00e8rement, parce que votre source de revenus ne fait pas partie de celles mentionn\u00e9es ci-dessus, votre \u00e9ligibilit\u00e9 financi\u00e8re d\u00e9pendra donc de la taille de votre famille, de votre revenu familial, ainsi que des actifs que vous poss\u00e9dez.<\/p>\n<p>Il existe des facteurs discr\u00e9tionnaires qui peuvent \u00eatre pris en consid\u00e9ration. Veuillez nous appeler pour savoir si vous \u00eates admissible ou tout autre renseignements sur votre admissibilit\u00e9.<\/p>\n","protected":false},"excerpt":{"rendered":"<p>Qui est admissible?<\/p>\n<p>Les personnes dont les probl\u00e8mes juridiques entre dans les domaines de droit pratiqu\u00e9s par la clinique.<br \/>\nLes personnes qui demeurent dans la zone d\u00e9servie par la clinique qui s\u2019\u00e9tend de Timmins jusqu\u2019\u00e0 Latchford.<br \/>\nLes personnes dont le revenu et les actifs respectent les lignes <a href=\"\/wp-content\/uploads\/2019\/09\/Financial-Eligibility-for-Clinic-Law-Services.pdf\">directives \u00e9tablies par Aide juridique Ontario<\/a>.<\/p>\n","protected":false},"author":2,"featured_media":0,"parent":1044,"menu_order":0,"comment_status":"closed","ping_status":"closed","template":"","meta":{"_bbp_topic_count":0,"_bbp_reply_count":0,"_bbp_total_topic_count":0,"_bbp_total_reply_count":0,"_bbp_voice_count":0,"_bbp_anonymous_reply_count":0,"_bbp_topic_count_hidden":0,"_bbp_reply_count_hidden":0,"_bbp_forum_subforum_count":0,"footnotes":""},"class_list":["post-1050","page","type-page","status-publish","hentry"],"yoast_head":"<!-- This site is optimized with the Yoast SEO plugin v27.0 - https:\/\/yoast.com\/product\/yoast-seo-wordpress\/ -->\n<title>Admissibilit\u00e9 financi\u00e8re - Timmins-Temiskaming Community Legal Clinic<\/title>\n<meta name=\"robots\" content=\"index, follow, max-snippet:-1, max-image-preview:large, max-video-preview:-1\" \/>\n<link rel=\"canonical\" href=\"https:\/\/www.timminslegalclinic.ca\/fr\/nos-services\/admissibilite-financiere\/\" \/>\n<meta property=\"og:locale\" content=\"fr_FR\" \/>\n<meta property=\"og:type\" content=\"article\" \/>\n<meta property=\"og:title\" content=\"Admissibilit\u00e9 financi\u00e8re - Timmins-Temiskaming Community Legal Clinic\" \/>\n<meta property=\"og:description\" content=\"Qui est admissible? Les personnes dont les probl\u00e8mes juridiques entre dans les domaines de droit pratiqu\u00e9s par la clinique. Les personnes qui demeurent dans la zone d\u00e9servie par la clinique qui s\u2019\u00e9tend de Timmins jusqu\u2019\u00e0 Latchford. Les personnes dont le revenu et les actifs respectent les lignes directives \u00e9tablies par Aide juridique Ontario.\" \/>\n<meta property=\"og:url\" content=\"https:\/\/www.timminslegalclinic.ca\/fr\/nos-services\/admissibilite-financiere\/\" \/>\n<meta property=\"og:site_name\" content=\"Timmins-Temiskaming Community Legal Clinic\" \/>\n<meta property=\"article:modified_time\" content=\"2019-12-11T09:35:23+00:00\" \/>\n<meta name=\"twitter:card\" content=\"summary_large_image\" \/>\n<meta name=\"twitter:label1\" content=\"Dur\u00e9e de lecture estim\u00e9e\" \/>\n\t<meta name=\"twitter:data1\" content=\"1 minute\" \/>\n<script type=\"application\/ld+json\" class=\"yoast-schema-graph\">{\"@context\":\"https:\/\/schema.org\",\"@graph\":[{\"@type\":\"WebPage\",\"@id\":\"https:\/\/www.timminslegalclinic.ca\/fr\/nos-services\/admissibilite-financiere\/\",\"url\":\"https:\/\/www.timminslegalclinic.ca\/fr\/nos-services\/admissibilite-financiere\/\",\"name\":\"Admissibilit\u00e9 financi\u00e8re - Timmins-Temiskaming Community Legal Clinic\",\"isPartOf\":{\"@id\":\"https:\/\/www.timminslegalclinic.ca\/#website\"},\"datePublished\":\"2019-12-11T09:34:39+00:00\",\"dateModified\":\"2019-12-11T09:35:23+00:00\",\"breadcrumb\":{\"@id\":\"https:\/\/www.timminslegalclinic.ca\/fr\/nos-services\/admissibilite-financiere\/#breadcrumb\"},\"inLanguage\":\"fr-FR\",\"potentialAction\":[{\"@type\":\"ReadAction\",\"target\":[\"https:\/\/www.timminslegalclinic.ca\/fr\/nos-services\/admissibilite-financiere\/\"]}]},{\"@type\":\"BreadcrumbList\",\"@id\":\"https:\/\/www.timminslegalclinic.ca\/fr\/nos-services\/admissibilite-financiere\/#breadcrumb\",\"itemListElement\":[{\"@type\":\"ListItem\",\"position\":1,\"name\":\"Home\",\"item\":\"https:\/\/www.timminslegalclinic.ca\/fr\/\"},{\"@type\":\"ListItem\",\"position\":2,\"name\":\"Nos services\",\"item\":\"https:\/\/www.timminslegalclinic.ca\/fr\/nos-services\/\"},{\"@type\":\"ListItem\",\"position\":3,\"name\":\"Admissibilit\u00e9 financi\u00e8re\"}]},{\"@type\":\"WebSite\",\"@id\":\"https:\/\/www.timminslegalclinic.ca\/#website\",\"url\":\"https:\/\/www.timminslegalclinic.ca\/\",\"name\":\"CEO All Clinics\",\"description\":\"\",\"potentialAction\":[{\"@type\":\"SearchAction\",\"target\":{\"@type\":\"EntryPoint\",\"urlTemplate\":\"https:\/\/www.timminslegalclinic.ca\/?s={search_term_string}\"},\"query-input\":{\"@type\":\"PropertyValueSpecification\",\"valueRequired\":true,\"valueName\":\"search_term_string\"}}],\"inLanguage\":\"fr-FR\"}]}<\/script>\n<!-- \/ Yoast SEO plugin. -->","yoast_head_json":{"title":"Admissibilit\u00e9 financi\u00e8re - Timmins-Temiskaming Community Legal Clinic","robots":{"index":"index","follow":"follow","max-snippet":"max-snippet:-1","max-image-preview":"max-image-preview:large","max-video-preview":"max-video-preview:-1"},"canonical":"https:\/\/www.timminslegalclinic.ca\/fr\/nos-services\/admissibilite-financiere\/","og_locale":"fr_FR","og_type":"article","og_title":"Admissibilit\u00e9 financi\u00e8re - Timmins-Temiskaming Community Legal Clinic","og_description":"Qui est admissible? Les personnes dont les probl\u00e8mes juridiques entre dans les domaines de droit pratiqu\u00e9s par la clinique. Les personnes qui demeurent dans la zone d\u00e9servie par la clinique qui s\u2019\u00e9tend de Timmins jusqu\u2019\u00e0 Latchford. Les personnes dont le revenu et les actifs respectent les lignes directives \u00e9tablies par Aide juridique Ontario.","og_url":"https:\/\/www.timminslegalclinic.ca\/fr\/nos-services\/admissibilite-financiere\/","og_site_name":"Timmins-Temiskaming Community Legal Clinic","article_modified_time":"2019-12-11T09:35:23+00:00","twitter_card":"summary_large_image","twitter_misc":{"Dur\u00e9e de lecture estim\u00e9e":"1 minute"},"schema":{"@context":"https:\/\/schema.org","@graph":[{"@type":"WebPage","@id":"https:\/\/www.timminslegalclinic.ca\/fr\/nos-services\/admissibilite-financiere\/","url":"https:\/\/www.timminslegalclinic.ca\/fr\/nos-services\/admissibilite-financiere\/","name":"Admissibilit\u00e9 financi\u00e8re - Timmins-Temiskaming Community Legal Clinic","isPartOf":{"@id":"https:\/\/www.timminslegalclinic.ca\/#website"},"datePublished":"2019-12-11T09:34:39+00:00","dateModified":"2019-12-11T09:35:23+00:00","breadcrumb":{"@id":"https:\/\/www.timminslegalclinic.ca\/fr\/nos-services\/admissibilite-financiere\/#breadcrumb"},"inLanguage":"fr-FR","potentialAction":[{"@type":"ReadAction","target":["https:\/\/www.timminslegalclinic.ca\/fr\/nos-services\/admissibilite-financiere\/"]}]},{"@type":"BreadcrumbList","@id":"https:\/\/www.timminslegalclinic.ca\/fr\/nos-services\/admissibilite-financiere\/#breadcrumb","itemListElement":[{"@type":"ListItem","position":1,"name":"Home","item":"https:\/\/www.timminslegalclinic.ca\/fr\/"},{"@type":"ListItem","position":2,"name":"Nos services","item":"https:\/\/www.timminslegalclinic.ca\/fr\/nos-services\/"},{"@type":"ListItem","position":3,"name":"Admissibilit\u00e9 financi\u00e8re"}]},{"@type":"WebSite","@id":"https:\/\/www.timminslegalclinic.ca\/#website","url":"https:\/\/www.timminslegalclinic.ca\/","name":"CEO All Clinics","description":"","potentialAction":[{"@type":"SearchAction","target":{"@type":"EntryPoint","urlTemplate":"https:\/\/www.timminslegalclinic.ca\/?s={search_term_string}"},"query-input":{"@type":"PropertyValueSpecification","valueRequired":true,"valueName":"search_term_string"}}],"inLanguage":"fr-FR"}]}},"_links":{"self":[{"href":"https:\/\/www.timminslegalclinic.ca\/fr\/wp-json\/wp\/v2\/pages\/1050","targetHints":{"allow":["GET"]}}],"collection":[{"href":"https:\/\/www.timminslegalclinic.ca\/fr\/wp-json\/wp\/v2\/pages"}],"about":[{"href":"https:\/\/www.timminslegalclinic.ca\/fr\/wp-json\/wp\/v2\/types\/page"}],"author":[{"embeddable":true,"href":"https:\/\/www.timminslegalclinic.ca\/fr\/wp-json\/wp\/v2\/users\/2"}],"replies":[{"embeddable":true,"href":"https:\/\/www.timminslegalclinic.ca\/fr\/wp-json\/wp\/v2\/comments?post=1050"}],"version-history":[{"count":2,"href":"https:\/\/www.timminslegalclinic.ca\/fr\/wp-json\/wp\/v2\/pages\/1050\/revisions"}],"predecessor-version":[{"id":1052,"href":"https:\/\/www.timminslegalclinic.ca\/fr\/wp-json\/wp\/v2\/pages\/1050\/revisions\/1052"}],"up":[{"embeddable":true,"href":"https:\/\/www.timminslegalclinic.ca\/fr\/wp-json\/wp\/v2\/pages\/1044"}],"wp:attachment":[{"href":"https:\/\/www.timminslegalclinic.ca\/fr\/wp-json\/wp\/v2\/media?parent=1050"}],"curies":[{"name":"wp","href":"https:\/\/api.w.org\/{rel}","templated":true}]}}