{"id":1055,"date":"2019-12-11T08:51:30","date_gmt":"2019-12-11T13:51:30","guid":{"rendered":"https:\/\/ttlc.turnbull.co\/?page_id=1055"},"modified":"2024-06-19T10:43:01","modified_gmt":"2024-06-19T14:43:01","slug":"nouvelles-et-evenements","status":"publish","type":"page","link":"https:\/\/www.timminslegalclinic.ca\/fr\/nouvelles-et-evenements\/","title":{"rendered":"PROGRAMME DE SACS \u00c0 DOS"},"content":{"rendered":"<div class=\"wp-block-image\">\n<figure class=\"aligncenter size-full is-resized\"><img loading=\"lazy\" decoding=\"async\" width=\"262\" height=\"185\" src=\"https:\/\/www.timminslegalclinic.ca\/wp-content\/uploads\/2024\/06\/cest-la-rentree-pic-1.png\" alt=\"\" class=\"wp-image-1303\" style=\"width:416px;height:auto\" srcset=\"https:\/\/www.timminslegalclinic.ca\/wp-content\/uploads\/2024\/06\/cest-la-rentree-pic-1.png 262w, https:\/\/www.timminslegalclinic.ca\/wp-content\/uploads\/2024\/06\/cest-la-rentree-pic-1-100x71.png 100w, https:\/\/www.timminslegalclinic.ca\/wp-content\/uploads\/2024\/06\/cest-la-rentree-pic-1-85x60.png 85w, https:\/\/www.timminslegalclinic.ca\/wp-content\/uploads\/2024\/06\/cest-la-rentree-pic-1-190x134.png 190w, https:\/\/www.timminslegalclinic.ca\/wp-content\/uploads\/2024\/06\/cest-la-rentree-pic-1-241x170.png 241w, https:\/\/www.timminslegalclinic.ca\/wp-content\/uploads\/2024\/06\/cest-la-rentree-pic-1-235x166.png 235w, https:\/\/www.timminslegalclinic.ca\/wp-content\/uploads\/2024\/06\/cest-la-rentree-pic-1-30x21.png 30w, https:\/\/www.timminslegalclinic.ca\/wp-content\/uploads\/2024\/06\/cest-la-rentree-pic-1-24x17.png 24w, https:\/\/www.timminslegalclinic.ca\/wp-content\/uploads\/2024\/06\/cest-la-rentree-pic-1-36x25.png 36w, https:\/\/www.timminslegalclinic.ca\/wp-content\/uploads\/2024\/06\/cest-la-rentree-pic-1-48x34.png 48w\" sizes=\"auto, (max-width: 262px) 100vw, 262px\" \/><\/figure>\n<\/div>\n\n\n<p style=\"text-align: center;\">Vos enfants auront-ils besoin d&rsquo;un sac \u00e0 dos et de fournitures scolaires pour la nouvelle ann\u00e9e scolaire ?<\/p>\n<p style=\"text-align: center;\">La Clinique Juridique Communautaire de Timmins-T\u00e9miskamingue aimerait offrir des sacs \u00e0 dos et des fournitures scolaires aux enfants des familles \u00e0 faible revenu.<\/p>\n<p style=\"text-align: center;\">Les sacs \u00e0 dos seront fournis gratuitement aux familles \u00e0 faible revenu simplement en s&rsquo;inscrivant !<\/p>\n<p style=\"text-align: center;\">Les sacs \u00e0 dos seront distribu\u00e9s selon le principe du premier arriv\u00e9, premier servi,\u00a0et seulement aux familles qui s&rsquo;inscrivent.<\/p>\n<p style=\"text-align: center;\"><strong>Une confirmation de revenu de la famille sera demand\u00e9e.<\/strong><\/p>\n<p style=\"text-align: center;\"><a href=\"https:\/\/www.timminslegalclinic.ca\/fr\/contactez-nous\/\">Contactez-nous<\/a> pour inscrire votre enfant pour un sac \u00e0 dos.<\/p>\n\n\n","protected":false},"excerpt":{"rendered":"<p>Vos enfants auront-ils besoin d&rsquo;un sac \u00e0 dos et de fournitures scolaires pour la nouvelle ann\u00e9e scolaire ?<br \/>\nLa Clinique Juridique Communautaire de Timmins-T\u00e9miskamingue aimerait offrir des sacs \u00e0 dos et des fournitures scolaires aux enfants des familles \u00e0 faible revenu.<br \/>\nLes sacs \u00e0 dos seront fournis gratuitement aux familles \u00e0 faible revenu simplement en s&rsquo;inscrivant !<\/p>\n","protected":false},"author":2,"featured_media":0,"parent":0,"menu_order":-6,"comment_status":"closed","ping_status":"closed","template":"template-blog.php","meta":{"_bbp_topic_count":0,"_bbp_reply_count":0,"_bbp_total_topic_count":0,"_bbp_total_reply_count":0,"_bbp_voice_count":0,"_bbp_anonymous_reply_count":0,"_bbp_topic_count_hidden":0,"_bbp_reply_count_hidden":0,"_bbp_forum_subforum_count":0,"footnotes":""},"class_list":["post-1055","page","type-page","status-publish","hentry"],"yoast_head":"<!-- This site is optimized with the Yoast SEO plugin v27.0 - https:\/\/yoast.com\/product\/yoast-seo-wordpress\/ -->\n<title>PROGRAMME DE SACS \u00c0 DOS - Timmins-Temiskaming Community Legal Clinic<\/title>\n<meta name=\"robots\" content=\"index, follow, max-snippet:-1, max-image-preview:large, max-video-preview:-1\" \/>\n<link rel=\"canonical\" href=\"https:\/\/www.timminslegalclinic.ca\/fr\/nouvelles-et-evenements\/\" \/>\n<meta property=\"og:locale\" content=\"fr_FR\" \/>\n<meta property=\"og:type\" content=\"article\" \/>\n<meta property=\"og:title\" content=\"PROGRAMME DE SACS \u00c0 DOS - Timmins-Temiskaming Community Legal Clinic\" \/>\n<meta property=\"og:description\" content=\"Vos enfants auront-ils besoin d&rsquo;un sac \u00e0 dos et de fournitures scolaires pour la nouvelle ann\u00e9e scolaire ? La Clinique Juridique Communautaire de Timmins-T\u00e9miskamingue aimerait offrir des sacs \u00e0 dos et des fournitures scolaires aux enfants des familles \u00e0 faible revenu. Les sacs \u00e0 dos seront fournis gratuitement aux familles \u00e0 faible revenu simplement en s&rsquo;inscrivant !\" \/>\n<meta property=\"og:url\" content=\"https:\/\/www.timminslegalclinic.ca\/fr\/nouvelles-et-evenements\/\" \/>\n<meta property=\"og:site_name\" content=\"Timmins-Temiskaming Community Legal Clinic\" \/>\n<meta property=\"article:modified_time\" content=\"2024-06-19T14:43:01+00:00\" \/>\n<meta property=\"og:image\" content=\"https:\/\/www.timminslegalclinic.ca\/wp-content\/uploads\/2024\/06\/cest-la-rentree-pic-1.png\" \/>\n<meta name=\"twitter:card\" content=\"summary_large_image\" \/>\n<meta name=\"twitter:label1\" content=\"Dur\u00e9e de lecture estim\u00e9e\" \/>\n\t<meta name=\"twitter:data1\" content=\"1 minute\" \/>\n<script type=\"application\/ld+json\" class=\"yoast-schema-graph\">{\"@context\":\"https:\/\/schema.org\",\"@graph\":[{\"@type\":\"WebPage\",\"@id\":\"https:\/\/www.timminslegalclinic.ca\/fr\/nouvelles-et-evenements\/\",\"url\":\"https:\/\/www.timminslegalclinic.ca\/fr\/nouvelles-et-evenements\/\",\"name\":\"PROGRAMME DE SACS \u00c0 DOS - Timmins-Temiskaming Community Legal Clinic\",\"isPartOf\":{\"@id\":\"https:\/\/www.timminslegalclinic.ca\/#website\"},\"primaryImageOfPage\":{\"@id\":\"https:\/\/www.timminslegalclinic.ca\/fr\/nouvelles-et-evenements\/#primaryimage\"},\"image\":{\"@id\":\"https:\/\/www.timminslegalclinic.ca\/fr\/nouvelles-et-evenements\/#primaryimage\"},\"thumbnailUrl\":\"https:\/\/www.timminslegalclinic.ca\/wp-content\/uploads\/2024\/06\/cest-la-rentree-pic-1.png\",\"datePublished\":\"2019-12-11T13:51:30+00:00\",\"dateModified\":\"2024-06-19T14:43:01+00:00\",\"breadcrumb\":{\"@id\":\"https:\/\/www.timminslegalclinic.ca\/fr\/nouvelles-et-evenements\/#breadcrumb\"},\"inLanguage\":\"fr-FR\",\"potentialAction\":[{\"@type\":\"ReadAction\",\"target\":[\"https:\/\/www.timminslegalclinic.ca\/fr\/nouvelles-et-evenements\/\"]}]},{\"@type\":\"ImageObject\",\"inLanguage\":\"fr-FR\",\"@id\":\"https:\/\/www.timminslegalclinic.ca\/fr\/nouvelles-et-evenements\/#primaryimage\",\"url\":\"https:\/\/www.timminslegalclinic.ca\/wp-content\/uploads\/2024\/06\/cest-la-rentree-pic-1.png\",\"contentUrl\":\"https:\/\/www.timminslegalclinic.ca\/wp-content\/uploads\/2024\/06\/cest-la-rentree-pic-1.png\"},{\"@type\":\"BreadcrumbList\",\"@id\":\"https:\/\/www.timminslegalclinic.ca\/fr\/nouvelles-et-evenements\/#breadcrumb\",\"itemListElement\":[{\"@type\":\"ListItem\",\"position\":1,\"name\":\"Home\",\"item\":\"https:\/\/www.timminslegalclinic.ca\/fr\/\"},{\"@type\":\"ListItem\",\"position\":2,\"name\":\"PROGRAMME DE SACS \u00c0 DOS\"}]},{\"@type\":\"WebSite\",\"@id\":\"https:\/\/www.timminslegalclinic.ca\/#website\",\"url\":\"https:\/\/www.timminslegalclinic.ca\/\",\"name\":\"CEO All Clinics\",\"description\":\"\",\"potentialAction\":[{\"@type\":\"SearchAction\",\"target\":{\"@type\":\"EntryPoint\",\"urlTemplate\":\"https:\/\/www.timminslegalclinic.ca\/?s={search_term_string}\"},\"query-input\":{\"@type\":\"PropertyValueSpecification\",\"valueRequired\":true,\"valueName\":\"search_term_string\"}}],\"inLanguage\":\"fr-FR\"}]}<\/script>\n<!-- \/ Yoast SEO plugin. -->","yoast_head_json":{"title":"PROGRAMME DE SACS \u00c0 DOS - Timmins-Temiskaming Community Legal Clinic","robots":{"index":"index","follow":"follow","max-snippet":"max-snippet:-1","max-image-preview":"max-image-preview:large","max-video-preview":"max-video-preview:-1"},"canonical":"https:\/\/www.timminslegalclinic.ca\/fr\/nouvelles-et-evenements\/","og_locale":"fr_FR","og_type":"article","og_title":"PROGRAMME DE SACS \u00c0 DOS - Timmins-Temiskaming Community Legal Clinic","og_description":"Vos enfants auront-ils besoin d&rsquo;un sac \u00e0 dos et de fournitures scolaires pour la nouvelle ann\u00e9e scolaire ? La Clinique Juridique Communautaire de Timmins-T\u00e9miskamingue aimerait offrir des sacs \u00e0 dos et des fournitures scolaires aux enfants des familles \u00e0 faible revenu. Les sacs \u00e0 dos seront fournis gratuitement aux familles \u00e0 faible revenu simplement en s&rsquo;inscrivant !","og_url":"https:\/\/www.timminslegalclinic.ca\/fr\/nouvelles-et-evenements\/","og_site_name":"Timmins-Temiskaming Community Legal Clinic","article_modified_time":"2024-06-19T14:43:01+00:00","og_image":[{"url":"https:\/\/www.timminslegalclinic.ca\/wp-content\/uploads\/2024\/06\/cest-la-rentree-pic-1.png","type":"","width":"","height":""}],"twitter_card":"summary_large_image","twitter_misc":{"Dur\u00e9e de lecture estim\u00e9e":"1 minute"},"schema":{"@context":"https:\/\/schema.org","@graph":[{"@type":"WebPage","@id":"https:\/\/www.timminslegalclinic.ca\/fr\/nouvelles-et-evenements\/","url":"https:\/\/www.timminslegalclinic.ca\/fr\/nouvelles-et-evenements\/","name":"PROGRAMME DE SACS \u00c0 DOS - Timmins-Temiskaming Community Legal Clinic","isPartOf":{"@id":"https:\/\/www.timminslegalclinic.ca\/#website"},"primaryImageOfPage":{"@id":"https:\/\/www.timminslegalclinic.ca\/fr\/nouvelles-et-evenements\/#primaryimage"},"image":{"@id":"https:\/\/www.timminslegalclinic.ca\/fr\/nouvelles-et-evenements\/#primaryimage"},"thumbnailUrl":"https:\/\/www.timminslegalclinic.ca\/wp-content\/uploads\/2024\/06\/cest-la-rentree-pic-1.png","datePublished":"2019-12-11T13:51:30+00:00","dateModified":"2024-06-19T14:43:01+00:00","breadcrumb":{"@id":"https:\/\/www.timminslegalclinic.ca\/fr\/nouvelles-et-evenements\/#breadcrumb"},"inLanguage":"fr-FR","potentialAction":[{"@type":"ReadAction","target":["https:\/\/www.timminslegalclinic.ca\/fr\/nouvelles-et-evenements\/"]}]},{"@type":"ImageObject","inLanguage":"fr-FR","@id":"https:\/\/www.timminslegalclinic.ca\/fr\/nouvelles-et-evenements\/#primaryimage","url":"https:\/\/www.timminslegalclinic.ca\/wp-content\/uploads\/2024\/06\/cest-la-rentree-pic-1.png","contentUrl":"https:\/\/www.timminslegalclinic.ca\/wp-content\/uploads\/2024\/06\/cest-la-rentree-pic-1.png"},{"@type":"BreadcrumbList","@id":"https:\/\/www.timminslegalclinic.ca\/fr\/nouvelles-et-evenements\/#breadcrumb","itemListElement":[{"@type":"ListItem","position":1,"name":"Home","item":"https:\/\/www.timminslegalclinic.ca\/fr\/"},{"@type":"ListItem","position":2,"name":"PROGRAMME DE SACS \u00c0 DOS"}]},{"@type":"WebSite","@id":"https:\/\/www.timminslegalclinic.ca\/#website","url":"https:\/\/www.timminslegalclinic.ca\/","name":"CEO All Clinics","description":"","potentialAction":[{"@type":"SearchAction","target":{"@type":"EntryPoint","urlTemplate":"https:\/\/www.timminslegalclinic.ca\/?s={search_term_string}"},"query-input":{"@type":"PropertyValueSpecification","valueRequired":true,"valueName":"search_term_string"}}],"inLanguage":"fr-FR"}]}},"_links":{"self":[{"href":"https:\/\/www.timminslegalclinic.ca\/fr\/wp-json\/wp\/v2\/pages\/1055","targetHints":{"allow":["GET"]}}],"collection":[{"href":"https:\/\/www.timminslegalclinic.ca\/fr\/wp-json\/wp\/v2\/pages"}],"about":[{"href":"https:\/\/www.timminslegalclinic.ca\/fr\/wp-json\/wp\/v2\/types\/page"}],"author":[{"embeddable":true,"href":"https:\/\/www.timminslegalclinic.ca\/fr\/wp-json\/wp\/v2\/users\/2"}],"replies":[{"embeddable":true,"href":"https:\/\/www.timminslegalclinic.ca\/fr\/wp-json\/wp\/v2\/comments?post=1055"}],"version-history":[{"count":5,"href":"https:\/\/www.timminslegalclinic.ca\/fr\/wp-json\/wp\/v2\/pages\/1055\/revisions"}],"predecessor-version":[{"id":1305,"href":"https:\/\/www.timminslegalclinic.ca\/fr\/wp-json\/wp\/v2\/pages\/1055\/revisions\/1305"}],"wp:attachment":[{"href":"https:\/\/www.timminslegalclinic.ca\/fr\/wp-json\/wp\/v2\/media?parent=1055"}],"curies":[{"name":"wp","href":"https:\/\/api.w.org\/{rel}","templated":true}]}}