{"id":1057,"date":"2019-12-11T08:52:30","date_gmt":"2019-12-11T13:52:30","guid":{"rendered":"https:\/\/ttlc.turnbull.co\/?page_id=1057"},"modified":"2024-02-07T10:33:09","modified_gmt":"2024-02-07T15:33:09","slug":"contactez-nous","status":"publish","type":"page","link":"https:\/\/www.timminslegalclinic.ca\/fr\/contactez-nous\/","title":{"rendered":"Contactez-nous"},"content":{"rendered":"\n<div class=\"wp-block-columns is-layout-flex wp-container-core-columns-is-layout-9d6595d7 wp-block-columns-is-layout-flex\">\n<div class=\"wp-block-column is-layout-flow wp-block-column-is-layout-flow\">\n<p>Il est preferable de nous contacter par t\u00e9l\u00e9phone ou par courriel en utilisant le formulaire ci-dessous. Nous pouvons discuter de votre probl\u00e8me et organiser une rencontre au besoin.<\/p>\n<p>Veuillez remplir le formulaire ci-dessous pour nous contacter\u00a0concernant:<\/p>\n<ul>\n<li>votre probl\u00e8me juridique<\/li>\n<li>une demande de pr\u00e9sentation aupr\u00e8s de votre organisation<\/li>\n<li>toutes autres questions pour laquelle vous aimeriez obtenir des services.<\/li>\n<\/ul>\n<\/div>\n\n\n\n<div class=\"wp-block-column is-layout-flow wp-block-column-is-layout-flow\"><\/div>\n<\/div>\n","protected":false},"excerpt":{"rendered":"<p>Il est preferable de nous contacter par t\u00e9l\u00e9phone ou par courriel en utilisant le formulaire ci-dessous. Nous pouvons discuter de votre probl\u00e8me et organiser une rencontre au besoin.<br \/>\nVeuillez remplir le formulaire ci-dessous pour nous contacter\u00a0concernant:<\/p>\n<p>votre probl\u00e8me juridique<br \/>\nune demande de pr\u00e9sentation aupr\u00e8s de votre organisation<br \/>\ntoutes autres questions pour laquelle vous aimeriez obtenir des services.<\/p>\n","protected":false},"author":2,"featured_media":0,"parent":0,"menu_order":-5,"comment_status":"closed","ping_status":"closed","template":"template-contact.php","meta":{"_bbp_topic_count":0,"_bbp_reply_count":0,"_bbp_total_topic_count":0,"_bbp_total_reply_count":0,"_bbp_voice_count":0,"_bbp_anonymous_reply_count":0,"_bbp_topic_count_hidden":0,"_bbp_reply_count_hidden":0,"_bbp_forum_subforum_count":0,"footnotes":""},"class_list":["post-1057","page","type-page","status-publish","hentry"],"yoast_head":"<!-- This site is optimized with the Yoast SEO plugin v27.0 - https:\/\/yoast.com\/product\/yoast-seo-wordpress\/ -->\n<title>Contactez-nous - Timmins-Temiskaming Community Legal Clinic<\/title>\n<meta name=\"robots\" content=\"index, follow, max-snippet:-1, max-image-preview:large, max-video-preview:-1\" \/>\n<link rel=\"canonical\" href=\"https:\/\/www.timminslegalclinic.ca\/fr\/contactez-nous\/\" \/>\n<meta property=\"og:locale\" content=\"fr_FR\" \/>\n<meta property=\"og:type\" content=\"article\" \/>\n<meta property=\"og:title\" content=\"Contactez-nous - Timmins-Temiskaming Community Legal Clinic\" \/>\n<meta property=\"og:description\" content=\"Il est preferable de nous contacter par t\u00e9l\u00e9phone ou par courriel en utilisant le formulaire ci-dessous. Nous pouvons discuter de votre probl\u00e8me et organiser une rencontre au besoin. Veuillez remplir le formulaire ci-dessous pour nous contacter\u00a0concernant: votre probl\u00e8me juridique une demande de pr\u00e9sentation aupr\u00e8s de votre organisation toutes autres questions pour laquelle vous aimeriez obtenir des services.\" \/>\n<meta property=\"og:url\" content=\"https:\/\/www.timminslegalclinic.ca\/fr\/contactez-nous\/\" \/>\n<meta property=\"og:site_name\" content=\"Timmins-Temiskaming Community Legal Clinic\" \/>\n<meta property=\"article:modified_time\" content=\"2024-02-07T15:33:09+00:00\" \/>\n<meta name=\"twitter:card\" content=\"summary_large_image\" \/>\n<meta name=\"twitter:label1\" content=\"Dur\u00e9e de lecture estim\u00e9e\" \/>\n\t<meta name=\"twitter:data1\" content=\"1 minute\" \/>\n<script type=\"application\/ld+json\" class=\"yoast-schema-graph\">{\"@context\":\"https:\/\/schema.org\",\"@graph\":[{\"@type\":\"WebPage\",\"@id\":\"https:\/\/www.timminslegalclinic.ca\/fr\/contactez-nous\/\",\"url\":\"https:\/\/www.timminslegalclinic.ca\/fr\/contactez-nous\/\",\"name\":\"Contactez-nous - Timmins-Temiskaming Community Legal Clinic\",\"isPartOf\":{\"@id\":\"https:\/\/www.timminslegalclinic.ca\/#website\"},\"datePublished\":\"2019-12-11T13:52:30+00:00\",\"dateModified\":\"2024-02-07T15:33:09+00:00\",\"breadcrumb\":{\"@id\":\"https:\/\/www.timminslegalclinic.ca\/fr\/contactez-nous\/#breadcrumb\"},\"inLanguage\":\"fr-FR\",\"potentialAction\":[{\"@type\":\"ReadAction\",\"target\":[\"https:\/\/www.timminslegalclinic.ca\/fr\/contactez-nous\/\"]}]},{\"@type\":\"BreadcrumbList\",\"@id\":\"https:\/\/www.timminslegalclinic.ca\/fr\/contactez-nous\/#breadcrumb\",\"itemListElement\":[{\"@type\":\"ListItem\",\"position\":1,\"name\":\"Home\",\"item\":\"https:\/\/www.timminslegalclinic.ca\/fr\/\"},{\"@type\":\"ListItem\",\"position\":2,\"name\":\"Contactez-nous\"}]},{\"@type\":\"WebSite\",\"@id\":\"https:\/\/www.timminslegalclinic.ca\/#website\",\"url\":\"https:\/\/www.timminslegalclinic.ca\/\",\"name\":\"CEO All Clinics\",\"description\":\"\",\"potentialAction\":[{\"@type\":\"SearchAction\",\"target\":{\"@type\":\"EntryPoint\",\"urlTemplate\":\"https:\/\/www.timminslegalclinic.ca\/?s={search_term_string}\"},\"query-input\":{\"@type\":\"PropertyValueSpecification\",\"valueRequired\":true,\"valueName\":\"search_term_string\"}}],\"inLanguage\":\"fr-FR\"}]}<\/script>\n<!-- \/ Yoast SEO plugin. -->","yoast_head_json":{"title":"Contactez-nous - Timmins-Temiskaming Community Legal Clinic","robots":{"index":"index","follow":"follow","max-snippet":"max-snippet:-1","max-image-preview":"max-image-preview:large","max-video-preview":"max-video-preview:-1"},"canonical":"https:\/\/www.timminslegalclinic.ca\/fr\/contactez-nous\/","og_locale":"fr_FR","og_type":"article","og_title":"Contactez-nous - Timmins-Temiskaming Community Legal Clinic","og_description":"Il est preferable de nous contacter par t\u00e9l\u00e9phone ou par courriel en utilisant le formulaire ci-dessous. Nous pouvons discuter de votre probl\u00e8me et organiser une rencontre au besoin. Veuillez remplir le formulaire ci-dessous pour nous contacter\u00a0concernant: votre probl\u00e8me juridique une demande de pr\u00e9sentation aupr\u00e8s de votre organisation toutes autres questions pour laquelle vous aimeriez obtenir des services.","og_url":"https:\/\/www.timminslegalclinic.ca\/fr\/contactez-nous\/","og_site_name":"Timmins-Temiskaming Community Legal Clinic","article_modified_time":"2024-02-07T15:33:09+00:00","twitter_card":"summary_large_image","twitter_misc":{"Dur\u00e9e de lecture estim\u00e9e":"1 minute"},"schema":{"@context":"https:\/\/schema.org","@graph":[{"@type":"WebPage","@id":"https:\/\/www.timminslegalclinic.ca\/fr\/contactez-nous\/","url":"https:\/\/www.timminslegalclinic.ca\/fr\/contactez-nous\/","name":"Contactez-nous - Timmins-Temiskaming Community Legal Clinic","isPartOf":{"@id":"https:\/\/www.timminslegalclinic.ca\/#website"},"datePublished":"2019-12-11T13:52:30+00:00","dateModified":"2024-02-07T15:33:09+00:00","breadcrumb":{"@id":"https:\/\/www.timminslegalclinic.ca\/fr\/contactez-nous\/#breadcrumb"},"inLanguage":"fr-FR","potentialAction":[{"@type":"ReadAction","target":["https:\/\/www.timminslegalclinic.ca\/fr\/contactez-nous\/"]}]},{"@type":"BreadcrumbList","@id":"https:\/\/www.timminslegalclinic.ca\/fr\/contactez-nous\/#breadcrumb","itemListElement":[{"@type":"ListItem","position":1,"name":"Home","item":"https:\/\/www.timminslegalclinic.ca\/fr\/"},{"@type":"ListItem","position":2,"name":"Contactez-nous"}]},{"@type":"WebSite","@id":"https:\/\/www.timminslegalclinic.ca\/#website","url":"https:\/\/www.timminslegalclinic.ca\/","name":"CEO All Clinics","description":"","potentialAction":[{"@type":"SearchAction","target":{"@type":"EntryPoint","urlTemplate":"https:\/\/www.timminslegalclinic.ca\/?s={search_term_string}"},"query-input":{"@type":"PropertyValueSpecification","valueRequired":true,"valueName":"search_term_string"}}],"inLanguage":"fr-FR"}]}},"_links":{"self":[{"href":"https:\/\/www.timminslegalclinic.ca\/fr\/wp-json\/wp\/v2\/pages\/1057","targetHints":{"allow":["GET"]}}],"collection":[{"href":"https:\/\/www.timminslegalclinic.ca\/fr\/wp-json\/wp\/v2\/pages"}],"about":[{"href":"https:\/\/www.timminslegalclinic.ca\/fr\/wp-json\/wp\/v2\/types\/page"}],"author":[{"embeddable":true,"href":"https:\/\/www.timminslegalclinic.ca\/fr\/wp-json\/wp\/v2\/users\/2"}],"replies":[{"embeddable":true,"href":"https:\/\/www.timminslegalclinic.ca\/fr\/wp-json\/wp\/v2\/comments?post=1057"}],"version-history":[{"count":5,"href":"https:\/\/www.timminslegalclinic.ca\/fr\/wp-json\/wp\/v2\/pages\/1057\/revisions"}],"predecessor-version":[{"id":1217,"href":"https:\/\/www.timminslegalclinic.ca\/fr\/wp-json\/wp\/v2\/pages\/1057\/revisions\/1217"}],"wp:attachment":[{"href":"https:\/\/www.timminslegalclinic.ca\/fr\/wp-json\/wp\/v2\/media?parent=1057"}],"curies":[{"name":"wp","href":"https:\/\/api.w.org\/{rel}","templated":true}]}}